{"id":12,"date":"2020-04-29T16:44:33","date_gmt":"2020-04-29T16:44:33","guid":{"rendered":"https:\/\/juliotest2.a2hosted.com\/?page_id=12"},"modified":"2025-09-06T15:16:55","modified_gmt":"2025-09-06T15:16:55","slug":"inicio","status":"publish","type":"page","link":"https:\/\/hogarcentrovictorvargas.com\/","title":{"rendered":"Inicio"},"content":{"rendered":"\t\t<div data-elementor-type=\"wp-page\" data-elementor-id=\"12\" class=\"elementor elementor-12\" data-elementor-settings=\"[]\">\n\t\t\t\t\t\t<div class=\"elementor-inner\">\n\t\t\t\t\t\t\t<div class=\"elementor-section-wrap\">\n\t\t\t\t\t\t\t<section class=\"elementor-section elementor-top-section elementor-element elementor-element-2d21a1c6 elementor-section-boxed elementor-section-height-default elementor-section-height-default\" data-id=\"2d21a1c6\" data-element_type=\"section\">\n\t\t\t\t\t\t<div class=\"elementor-container elementor-column-gap-default\">\n\t\t\t\t\t\t\t<div class=\"elementor-row\">\n\t\t\t\t\t<div class=\"elementor-column elementor-col-100 elementor-top-column elementor-element elementor-element-5fec7758\" data-id=\"5fec7758\" data-element_type=\"column\">\n\t\t\t<div class=\"elementor-column-wrap elementor-element-populated\">\n\t\t\t\t\t\t\t<div class=\"elementor-widget-wrap\">\n\t\t\t\t\t\t<div class=\"elementor-element elementor-element-5a267ff5 elementor-widget elementor-widget-text-editor\" data-id=\"5a267ff5\" data-element_type=\"widget\" data-widget_type=\"text-editor.default\">\n\t\t\t\t<div class=\"elementor-widget-container\">\n\t\t\t\t\t\t\t\t<div class=\"elementor-text-editor elementor-clearfix\">\n\t\t\t\t\t<figure><a href=\"https:\/\/hogarcentrovictorvargas.com\/\"><strong><img loading=\"lazy\" decoding=\"async\" src=\"https:\/\/hogarcentrovictorvargas.com\/wp-content\/uploads\/2020\/07\/1800x700-1024x432.png\" sizes=\"auto, (max-width: 1024px) 100vw, 1024px\" srcset=\"https:\/\/hogarcentrovictorvargas.com\/wp-content\/uploads\/2020\/07\/1800x700-1024x432.png 1024w, https:\/\/hogarcentrovictorvargas.com\/wp-content\/uploads\/2020\/07\/1800x700-300x127.png 300w, https:\/\/hogarcentrovictorvargas.com\/wp-content\/uploads\/2020\/07\/1800x700-768x324.png 768w, https:\/\/hogarcentrovictorvargas.com\/wp-content\/uploads\/2020\/07\/1800x700-1536x649.png 1536w, https:\/\/hogarcentrovictorvargas.com\/wp-content\/uploads\/2020\/07\/1800x700-920x388.png 920w, https:\/\/hogarcentrovictorvargas.com\/wp-content\/uploads\/2020\/07\/1800x700-64x27.png 64w, https:\/\/hogarcentrovictorvargas.com\/wp-content\/uploads\/2020\/07\/1800x700.png 1800w\" alt=\"\" width=\"1024\" height=\"432\" \/><\/strong><\/a>\n<figcaption><strong>De todo para su hogar<\/strong><\/figcaption>\n<\/figure>\n<p><a role=\"button\" href=\"https:\/\/hogarcentrovictorvargas.com\/?post_type=product\"><br \/>Ir a la tienda<br \/><\/a><\/p>\n<figure><img decoding=\"async\" src=\"https:\/\/hogarcentrovictorvargas.com\/wp-content\/uploads\/2020\/07\/TELSTAR-300x156.png\" alt=\"TELSTAR\" \/><\/figure>\n<figure><img decoding=\"async\" src=\"https:\/\/hogarcentrovictorvargas.com\/wp-content\/uploads\/2020\/07\/AIWA-300x156.png\" alt=\"AIWA\" \/><\/figure>\n<figure><img decoding=\"async\" src=\"https:\/\/hogarcentrovictorvargas.com\/wp-content\/uploads\/2020\/07\/HAMILTON-300x156.png\" alt=\"HAMILTON\" \/><\/figure>\n<figure><img decoding=\"async\" src=\"https:\/\/hogarcentrovictorvargas.com\/wp-content\/uploads\/2020\/07\/LG-300x156.png\" alt=\"LG\" \/><\/figure>\n<figure><img decoding=\"async\" src=\"https:\/\/hogarcentrovictorvargas.com\/wp-content\/uploads\/2020\/07\/PANASONIC-300x156.png\" alt=\"PANASONIC\" \/><\/figure>\n<figure><img decoding=\"async\" src=\"https:\/\/hogarcentrovictorvargas.com\/wp-content\/uploads\/2020\/07\/OSTER-300x156.png\" alt=\"OSTER\" \/><\/figure>\n<figure><img loading=\"lazy\" decoding=\"async\" class=\"alignnone size-medium wp-image-1727\" src=\"https:\/\/hogarcentrovictorvargas.com\/wp-content\/uploads\/2025\/08\/bd_horizontal_gray@2x-300x54.png\" alt=\"\" width=\"300\" height=\"54\" srcset=\"https:\/\/hogarcentrovictorvargas.com\/wp-content\/uploads\/2025\/08\/bd_horizontal_gray@2x-300x54.png 300w, https:\/\/hogarcentrovictorvargas.com\/wp-content\/uploads\/2025\/08\/bd_horizontal_gray@2x-768x139.png 768w, https:\/\/hogarcentrovictorvargas.com\/wp-content\/uploads\/2025\/08\/bd_horizontal_gray@2x-920x166.png 920w, https:\/\/hogarcentrovictorvargas.com\/wp-content\/uploads\/2025\/08\/bd_horizontal_gray@2x-64x12.png 64w, https:\/\/hogarcentrovictorvargas.com\/wp-content\/uploads\/2025\/08\/bd_horizontal_gray@2x.png 962w\" sizes=\"auto, (max-width: 300px) 100vw, 300px\" \/><\/figure>\n<figure><img decoding=\"async\" src=\"https:\/\/hogarcentrovictorvargas.com\/wp-content\/uploads\/2020\/07\/SAMSUNG-300x156.png\" alt=\"SAMSUNG\" \/><\/figure>\n<p><strong>UBICACI\u00d3N<\/strong><br \/><em>Grecia , 75 mtrs Norte de la Iglesia Cat\u00f3lica<\/em> <br \/>Contacto<\/p>\n<p>Tel\u00e9fono: 24946968<\/p>\n<p>\u00a0CEL: 84029999<\/p>\n<p>HORARIO<\/p>\n<p>Lunes &#8211; S\u00e1bado\u00a0 \u00a0 8:00am &#8211; 6:00pm<\/p>\n<p>Siguenos<br \/><a href=\"https:\/\/www.facebook.com\/HogarCentrovictorvargas\" target=\"_blank\" rel=\"noopener noreferrer\"><br \/>Facebook-f<br \/><\/a><br \/><a href=\"https:\/\/www.instagram.com\/hogarcentrovv\" target=\"_blank\" rel=\"noopener noreferrer\"><br \/>Instagram<br \/><\/a><br \/><a href=\"https:\/\/wa.me\/50684029999\" target=\"_blank\" rel=\"noopener noreferrer\"><br \/>Whatsapp<br \/><\/a><br \/><iframe title=\"%3$s\" src=\"https:\/\/maps.google.com\/maps?q=Hogar%20centro%20victor%20vargas&amp;t=m&amp;z=10&amp;output=embed&amp;iwloc=near\" frameborder=\"0\" marginwidth=\"0\" marginheight=\"0\" scrolling=\"no\" aria-label=\"%3$s\"><\/iframe><\/p>\n<!-- wp:heading -->\n<h2 class=\"wp-block-heading\">\u00a0<\/h2>\n<!-- \/wp:heading -->\t\t\t\t\t<\/div>\n\t\t\t\t\t\t<\/div>\n\t\t\t\t<\/div>\n\t\t\t\t\t\t<\/div>\n\t\t\t\t\t<\/div>\n\t\t<\/div>\n\t\t\t\t\t\t\t\t<\/div>\n\t\t\t\t\t<\/div>\n\t\t<\/section>\n\t\t\t\t<section class=\"elementor-section elementor-top-section elementor-element elementor-element-80a2087 elementor-section-boxed elementor-section-height-default elementor-section-height-default\" data-id=\"80a2087\" data-element_type=\"section\">\n\t\t\t\t\t\t<div class=\"elementor-container elementor-column-gap-default\">\n\t\t\t\t\t\t\t<div class=\"elementor-row\">\n\t\t\t\t\t<div class=\"elementor-column elementor-col-33 elementor-top-column elementor-element elementor-element-118369c\" data-id=\"118369c\" data-element_type=\"column\">\n\t\t\t<div class=\"elementor-column-wrap elementor-element-populated\">\n\t\t\t\t\t\t\t<div class=\"elementor-widget-wrap\">\n\t\t\t\t\t\t<div class=\"elementor-element elementor-element-b3f4297 elementor-view-default elementor-widget elementor-widget-icon\" data-id=\"b3f4297\" data-element_type=\"widget\" data-widget_type=\"icon.default\">\n\t\t\t\t<div class=\"elementor-widget-container\">\n\t\t\t\t\t<div class=\"elementor-icon-wrapper\">\n\t\t\t<div class=\"elementor-icon\">\n\t\t\t<i aria-hidden=\"true\" class=\"fab fa-whatsapp\"><\/i>\t\t\t<\/div>\n\t\t<\/div>\n\t\t\t\t<\/div>\n\t\t\t\t<\/div>\n\t\t\t\t\t\t<\/div>\n\t\t\t\t\t<\/div>\n\t\t<\/div>\n\t\t\t\t<div class=\"elementor-column elementor-col-33 elementor-top-column elementor-element elementor-element-50b25e1\" data-id=\"50b25e1\" data-element_type=\"column\">\n\t\t\t<div class=\"elementor-column-wrap elementor-element-populated\">\n\t\t\t\t\t\t\t<div class=\"elementor-widget-wrap\">\n\t\t\t\t\t\t<div class=\"elementor-element elementor-element-92c8f2d elementor-view-default elementor-widget elementor-widget-icon\" data-id=\"92c8f2d\" data-element_type=\"widget\" data-widget_type=\"icon.default\">\n\t\t\t\t<div class=\"elementor-widget-container\">\n\t\t\t\t\t<div class=\"elementor-icon-wrapper\">\n\t\t\t<div class=\"elementor-icon\">\n\t\t\t<i aria-hidden=\"true\" class=\"fab fa-instagram\"><\/i>\t\t\t<\/div>\n\t\t<\/div>\n\t\t\t\t<\/div>\n\t\t\t\t<\/div>\n\t\t\t\t\t\t<\/div>\n\t\t\t\t\t<\/div>\n\t\t<\/div>\n\t\t\t\t<div class=\"elementor-column elementor-col-33 elementor-top-column elementor-element elementor-element-fa3bfb8\" data-id=\"fa3bfb8\" data-element_type=\"column\">\n\t\t\t<div class=\"elementor-column-wrap elementor-element-populated\">\n\t\t\t\t\t\t\t<div class=\"elementor-widget-wrap\">\n\t\t\t\t\t\t<div class=\"elementor-element elementor-element-091f967 elementor-view-default elementor-widget elementor-widget-icon\" data-id=\"091f967\" data-element_type=\"widget\" data-widget_type=\"icon.default\">\n\t\t\t\t<div class=\"elementor-widget-container\">\n\t\t\t\t\t<div class=\"elementor-icon-wrapper\">\n\t\t\t<div class=\"elementor-icon\">\n\t\t\t<i aria-hidden=\"true\" class=\"fab fa-facebook\"><\/i>\t\t\t<\/div>\n\t\t<\/div>\n\t\t\t\t<\/div>\n\t\t\t\t<\/div>\n\t\t\t\t\t\t<\/div>\n\t\t\t\t\t<\/div>\n\t\t<\/div>\n\t\t\t\t\t\t\t\t<\/div>\n\t\t\t\t\t<\/div>\n\t\t<\/section>\n\t\t\t\t<section class=\"elementor-section elementor-top-section elementor-element elementor-element-2a1b87f elementor-section-boxed elementor-section-height-default elementor-section-height-default\" data-id=\"2a1b87f\" data-element_type=\"section\">\n\t\t\t\t\t\t<div class=\"elementor-container elementor-column-gap-default\">\n\t\t\t\t\t\t\t<div class=\"elementor-row\">\n\t\t\t\t\t<div class=\"elementor-column elementor-col-33 elementor-top-column elementor-element elementor-element-01d1472\" data-id=\"01d1472\" data-element_type=\"column\">\n\t\t\t<div class=\"elementor-column-wrap elementor-element-populated\">\n\t\t\t\t\t\t\t<div class=\"elementor-widget-wrap\">\n\t\t\t\t\t\t<div class=\"elementor-element elementor-element-0b10f92 elementor-widget elementor-widget-heading\" data-id=\"0b10f92\" data-element_type=\"widget\" data-widget_type=\"heading.default\">\n\t\t\t\t<div class=\"elementor-widget-container\">\n\t\t\t<h2 class=\"elementor-heading-title elementor-size-default\"><a href=\"https:\/\/wa.me\/50684029999\" target=\"_blank\" rel=\"noopener noreferrer\">Whatsapp<\/a><\/h2>\t\t<\/div>\n\t\t\t\t<\/div>\n\t\t\t\t\t\t<\/div>\n\t\t\t\t\t<\/div>\n\t\t<\/div>\n\t\t\t\t<div class=\"elementor-column elementor-col-33 elementor-top-column elementor-element elementor-element-d898509\" data-id=\"d898509\" data-element_type=\"column\">\n\t\t\t<div class=\"elementor-column-wrap\">\n\t\t\t\t\t\t\t<div class=\"elementor-widget-wrap\">\n\t\t\t\t\t\t\t\t<\/div>\n\t\t\t\t\t<\/div>\n\t\t<\/div>\n\t\t\t\t<div class=\"elementor-column elementor-col-33 elementor-top-column elementor-element elementor-element-4f9d48d\" data-id=\"4f9d48d\" data-element_type=\"column\">\n\t\t\t<div class=\"elementor-column-wrap\">\n\t\t\t\t\t\t\t<div class=\"elementor-widget-wrap\">\n\t\t\t\t\t\t\t\t<\/div>\n\t\t\t\t\t<\/div>\n\t\t<\/div>\n\t\t\t\t\t\t\t\t<\/div>\n\t\t\t\t\t<\/div>\n\t\t<\/section>\n\t\t\t\t\t\t<\/div>\n\t\t\t\t\t\t<\/div>\n\t\t\t\t\t<\/div>\n\t\t","protected":false},"excerpt":{"rendered":"<p>De todo para su hogar Ir a la tienda UBICACI\u00d3NGrecia , 75 mtrs Norte de la Iglesia Cat\u00f3lica Contacto Tel\u00e9fono: 24946968 \u00a0CEL: 84029999 HORARIO Lunes &#8211; S\u00e1bado\u00a0 \u00a0 8:00am &#8211; 6:00pm SiguenosFacebook-fInstagramWhatsapp \u00a0 Whatsapp<\/p>\n","protected":false},"author":1,"featured_media":0,"parent":0,"menu_order":0,"comment_status":"closed","ping_status":"closed","template":"","meta":{"footnotes":""},"class_list":["post-12","page","type-page","status-publish","hentry"],"_links":{"self":[{"href":"https:\/\/hogarcentrovictorvargas.com\/index.php?rest_route=\/wp\/v2\/pages\/12","targetHints":{"allow":["GET"]}}],"collection":[{"href":"https:\/\/hogarcentrovictorvargas.com\/index.php?rest_route=\/wp\/v2\/pages"}],"about":[{"href":"https:\/\/hogarcentrovictorvargas.com\/index.php?rest_route=\/wp\/v2\/types\/page"}],"author":[{"embeddable":true,"href":"https:\/\/hogarcentrovictorvargas.com\/index.php?rest_route=\/wp\/v2\/users\/1"}],"replies":[{"embeddable":true,"href":"https:\/\/hogarcentrovictorvargas.com\/index.php?rest_route=%2Fwp%2Fv2%2Fcomments&post=12"}],"version-history":[{"count":39,"href":"https:\/\/hogarcentrovictorvargas.com\/index.php?rest_route=\/wp\/v2\/pages\/12\/revisions"}],"predecessor-version":[{"id":1767,"href":"https:\/\/hogarcentrovictorvargas.com\/index.php?rest_route=\/wp\/v2\/pages\/12\/revisions\/1767"}],"wp:attachment":[{"href":"https:\/\/hogarcentrovictorvargas.com\/index.php?rest_route=%2Fwp%2Fv2%2Fmedia&parent=12"}],"curies":[{"name":"wp","href":"https:\/\/api.w.org\/{rel}","templated":true}]}}