{"id":3,"date":"2020-04-30T16:01:16","date_gmt":"2020-04-30T16:01:16","guid":{"rendered":"https:\/\/hogarcentrovictorvargas.com\/?page_id=3"},"modified":"2020-07-12T22:34:15","modified_gmt":"2020-07-12T22:34:15","slug":"privacy-policy","status":"publish","type":"page","link":"https:\/\/hogarcentrovictorvargas.com\/?page_id=3","title":{"rendered":"Politica de Privacidad"},"content":{"rendered":"\t\t<div data-elementor-type=\"wp-page\" data-elementor-id=\"3\" class=\"elementor elementor-3\" data-elementor-settings=\"[]\">\n\t\t\t\t\t\t<div class=\"elementor-inner\">\n\t\t\t\t\t\t\t<div class=\"elementor-section-wrap\">\n\t\t\t\t\t\t\t<section class=\"elementor-section elementor-top-section elementor-element elementor-element-84a5013 elementor-section-boxed elementor-section-height-default elementor-section-height-default\" data-id=\"84a5013\" data-element_type=\"section\">\n\t\t\t\t\t\t<div class=\"elementor-container elementor-column-gap-default\">\n\t\t\t\t\t\t\t<div class=\"elementor-row\">\n\t\t\t\t\t<div class=\"elementor-column elementor-col-100 elementor-top-column elementor-element elementor-element-678e66b\" data-id=\"678e66b\" data-element_type=\"column\">\n\t\t\t<div class=\"elementor-column-wrap elementor-element-populated\">\n\t\t\t\t\t\t\t<div class=\"elementor-widget-wrap\">\n\t\t\t\t\t\t<div class=\"elementor-element elementor-element-39339fb elementor-widget elementor-widget-text-editor\" data-id=\"39339fb\" data-element_type=\"widget\" data-widget_type=\"text-editor.default\">\n\t\t\t\t<div class=\"elementor-widget-container\">\n\t\t\t\t\t\t\t\t<div class=\"elementor-text-editor elementor-clearfix\">\n\t\t\t\t\t<h5>T\u00e9rminos y condiciones de uso de hogarcentrovictorvargas.com<\/h5>\n<p>Estos \u201cT\u00e9rminos y Condiciones\u201d regulan el acceso en Costa Rica a nuestro sitio\u00a0<a href=\"http:\/\/www.hogarcentrovictorvargas.com\" target=\"_blank\" rel=\"noopener\"><i><b>www.hogarcentrovictorvargas.com<\/b><\/i><\/a>\u00a0y el uso por todo usuario o consumidor. El usuario se encuentra supeditado a la aceptaci\u00f3n de todos los t\u00e9rminos y condiciones presentados, para hacer uso de los productos y servicios de\u00a0<span style=\"font-size: 15px; font-style: normal; font-weight: 400;\">www.hogarcentrovictorvargas.com<\/span>\u00a0y alcanzan a los usuarios, proveedores, comerciantes o cualquier cliente que haga uso del mismo.<\/p>\n<p><a style=\"font-size: 15px; background-color: #ffffff;\" href=\"http:\/\/WWW.HOGARCENTROVICTORVARGAS.COM\" target=\"_blank\" rel=\"noopener\"><b><i>WWW.HOGARCENTROVICTORVARGAS.COM<\/i><\/b><\/a>\u00a0es un sitio en internet propiedad de HOGAR CENTRO VICTOR VARGAS S.A., empresa debidamente acreditada e inscrita de conformidad con la legislaci\u00f3n costarricense, por tanto titular de los derechos de propiedad intelectual de HOGAR CENTRO VICTOR VARGAS.<\/p>\n<p>Una vez utilizada nuestra p\u00e1gina por un usuario se tendr\u00e1n aceptados los t\u00e9rminos y condiciones de manera t\u00e1cita.<\/p>\n<p><a style=\"font-size: 15px; background-color: #ffffff;\" href=\"http:\/\/WWW.HOGARCENTROVICTORVARGAS.COM\" target=\"_blank\" rel=\"noopener\"><i><b>www.hogarcentrovictorvargas.com<\/b><\/i><\/a>\u00a0se reserva el derecho de hacer las actualizaciones que se requieran en la p\u00e1gina sin previo aviso y las mismas estar\u00e1n reguladas por los t\u00e9rminos y condiciones de uso ac\u00e1 esbozados.<\/p>\n<p>El usuario entiende y acepta que debe de hacer revisi\u00f3n peri\u00f3dica de las actualizaciones de la p\u00e1gina,\u00a0<a href=\"http:\/\/WWW.HOGARCENTROVICTORVARGAS.COM\" target=\"_blank\" rel=\"noopener\"><i><b>www.hogarcentrovictorvargas.com<\/b><\/i><\/a>\u00a0no tendr\u00e1 responsabilidad alguna por las consecuencias de la omisi\u00f3n a esta indicaci\u00f3n por parte de los usuarios, clientes\/proveedores.<\/p>\n<p><strong>PRIMERO:<\/strong>\u00a0El usuario entiende y acepta que\u00a0<a href=\"http:\/\/WWW.HOGARCENTROVICTORVARGAS.COM\" target=\"_blank\" rel=\"noopener\"><i><b>www.hogarcentrovictorvargas.com<\/b><\/i><\/a>\u00a0mantiene comunicaciones electr\u00f3nicas mediante la informaci\u00f3n (correo electr\u00f3nico) suministrada al iniciar el uso del servicio. El usuario recibir\u00e1 correos con promociones y publicidad, mismos que podr\u00e1n ser suspendidos a solicitud del usuario mediante un correo solicitando el no env\u00edo de los mismos.<\/p>\n<p>El usuario se compromete a dar informaci\u00f3n real, actual y precisa, asimismo de mantenerla actualizada,\u00a0<a href=\"http:\/\/WWW.HOGARCENTROVICTORVARGAS.COM\" target=\"_blank\" rel=\"noopener\"><i><b>www.hogarcentrovictorvargas.com<\/b><\/i><\/a>\u00a0no ser\u00e1 responsable si por omisi\u00f3n del usuario en la actualizaci\u00f3n de dicha informaci\u00f3n no obtiene el servicio empleado o el producto solicitado, as\u00ed como las comunicaciones publicitarias, promocionales o cualquier otra de inter\u00e9s.<\/p>\n<h6><strong>SEGUNDO:<\/strong>\u00a0Todo usuario al momento de registrarse en\u00a0<a href=\"http:\/\/WWW.HOGARCENTROVICTORVARGAS.COM\" target=\"_blank\" rel=\"noopener\"><i><b>www.hogarcentrovictorvargas.com<\/b><\/i><\/a>\u00a0crear\u00e1 una contrase\u00f1a confidencial que le permitir\u00e1 realizar todas las transacciones dentro de nuestra p\u00e1gina. Ser\u00e1 responsabilidad del usuario el resguardo de la clave,\u00a0<a href=\"http:\/\/WWW.HOGARCENTROVICTORVARGAS.COM\" target=\"_blank\" rel=\"noopener\"><b><i>www.hogarcentrovictorvargas.com<\/i><\/b><\/a>\u00a0no responde por el uso de terceros de dicha clave.<\/h6>\n<p><strong>TERCERO:<\/strong>\u00a0<a href=\"http:\/\/WWW.HOGARCENTROVICTORVARGAS.COM\" target=\"_blank\" rel=\"noopener\"><i><b>www.hogarcentrovictorvargas.com<\/b><\/i><\/a>\u00a0se reserva el derecho de no aceptar el registro de usuarios f\u00edsicos o jur\u00eddicos, ya sean clientes, proveedores o comerciantes de cualquier tipo, sin que por ello deba justificar las razones, asimismo suspender ante evidentes violaciones a estos t\u00e9rminos, malas pr\u00e1cticas o abusos por parte de los usuarios.<\/p>\n<p><a href=\"http:\/\/WWW.HOGARCENTROVICTORVARGAS.COM\" target=\"_blank\" rel=\"noopener\"><b><i>wWw.hogarcentrovictorvargas.com<\/i><\/b><\/a>\u00a0en total cumplimiento de la Ley de Protecci\u00f3n de la Persona frente al Tratamiento de sus Datos Personales 8968 mantendr\u00e1 la informaci\u00f3n sensible encriptada. No tendr\u00e1 responsabilidad en los casos de apertura de los usuarios a terceros de esta informaci\u00f3n.<\/p>\n<p><strong>CUARTO:<\/strong>\u00a0La informaci\u00f3n de servicios, productos, precios y otros de\u00a0<a href=\"http:\/\/WWW.HOGARCENTROVICTORVARGAS.COM\" target=\"_blank\" rel=\"noopener\"><i><b>www.hogarcentrovictorvargas.com<\/b><\/i><\/a>\u00a0puede ser modificada, actualizada o sustituida sin previo aviso, no incurriendo por ello en ninguna responsabilidad, todo usuario deber\u00e1 estar en constante consulta de la p\u00e1gina para conocer de las actualizaciones.<\/p>\n<p><strong>QUINTO:<\/strong>\u00a0Los productos o servicios pueden estar en cantidades limitadas y sujetas a devoluci\u00f3n o cambio de acuerdo a nuestra pol\u00edtica de devoluci\u00f3n.<\/p>\n<p><a style=\"font-size: 15px; background-color: #ffffff;\" href=\"http:\/\/WWW.HOGARCENTROVICTORVARGAS.COM\" target=\"_blank\" rel=\"noopener\"><b><i>www.hogarcentrovictorvargas.com<\/i><\/b><\/a>\u00a0ha realizado los trabajos de visualizaci\u00f3n de todos los productos y servicios con un est\u00e1ndar de colores e imagen de alta resoluci\u00f3n, sin embargo, ello puede variar dependiendo del monitor de los usuarios por lo cual no le alcanza responsabilidad alguna a\u00a0<a href=\"http:\/\/WWW.HOGARCENTROVICTORVARGAS.COM\" target=\"_blank\" rel=\"noopener\"><i><b>www.hogarcentrovictorvargas.com<\/b><\/i><\/a>\u00a0por cualquier variaci\u00f3n a la hora de la entrega del mismo en raz\u00f3n del color o presentaci\u00f3n.<\/p>\n<p><span style=\"font-size: 15px; font-style: normal; font-weight: bold; background-color: #ffffff; color: #3a3a3a;\"><i><a href=\"http:\/\/www.hogarcentrovictorvargas.com\/\">WWW.HOGARCENTROVICTORVARGAS.COM<\/a><\/i><\/span>\u00a0podr\u00e1 limitar las cantidades solicitadas de un producto o suspender env\u00edos sin previo aviso.<\/p>\n<p><strong>SEXTO:<\/strong>\u00a0En el caso de que hagamos un cambio o cancelemos una orden, podemos intentar notificarte poni\u00e9ndonos en contacto v\u00eda correo electr\u00f3nico y\/o direcci\u00f3n de facturaci\u00f3n electr\u00f3nica, y\/o n\u00famero de tel\u00e9fono proporcionado en el momento que se hizo el pedido. Nos reservamos el derecho de limitar o prohibir las \u00f3rdenes que, a nuestro juicio, parecen ser colocadas por los concesionarios, revendedores o distribuidores.<\/p>\n<p><strong>S\u00c9PTIMO:<\/strong>\u00a0Por la naturaleza del servicio prestado por\u00a0<a href=\"http:\/\/WWW.HOGARCENTROVICTORVARGAS.COM\" target=\"_blank\" rel=\"noopener\"><i><b>www.hogarcentrovictorvargas.com<\/b><\/i><\/a>\u00a0podr\u00eda solicitarse al usuario alg\u00fan comentario, idea, sugerencias, por los cuales no estaremos en obligaci\u00f3n de dar compensaci\u00f3n alguna, asimismo podremos eliminarlas, publicarlas o distribuirlas en cualquier momento, no cubriendo a estas el secreto o confidencialidad.<\/p>\n<p><a style=\"font-size: 15px; background-color: #ffffff;\" href=\"http:\/\/WWW.HOGARCENTROVICTORVARGAS.COM\" target=\"_blank\" rel=\"noopener\"><i><b>www.hogarcentrovictorvargas.com<\/b><\/i><\/a>\u00a0no aceptar\u00e1 comentarios que violen o atenten derechos de terceros, entre ellos los derechos de autor, marca, privacidad, personalidad u otro derecho personal o de propiedad, ni material ilegal, obsceno, virus inform\u00e1ticos que puedan da\u00f1ar el servicio de cualquier sitio web relacionado.<\/p>\n<p><strong>OCTAVO:<\/strong>\u00a0En los casos donde la informaci\u00f3n de un servicio o producto sea err\u00f3nea, inexacta u omisa,\u00a0<a href=\"http:\/\/WWW.HOGARCENTROVICTORVARGAS.COM\" target=\"_blank\" rel=\"noopener\"><b><i>www.hogarcentrovictorvargas.com<\/i><\/b><\/a>\u00a0podr\u00e1 corregir esos errores y\/o actualizar la informaci\u00f3n sin previo aviso, inclusive cancelar pedidos si la informaci\u00f3n estuviera err\u00f3nea, sin embargo, no constituye responsabilidad alguna de\u00a0<a href=\"http:\/\/WWW.HOGARCENTROVICTORVARGAS.COM\" target=\"_blank\" rel=\"noopener\"><b><i>www.hogarcentrovictorvargas.com<\/i><\/b><\/a>\u00a0actualizar, corregir o aclarar la informaci\u00f3n en el servicio o en cualquier sitio web relacionado.<\/p>\n<p><strong>NOVENO:<\/strong>\u00a0Es terminantemente prohibido al usuario: darle usos ilegales al sitio web, violentar leyes internacionales relacionadas con cualquier tipo de delito, entre ellos los derechos de propiedad intelectual, marcas, atentar en contra de la dignidad de las personas o pa\u00edses, acosar, difamar, calumniar, intimidar o discriminar por razones de g\u00e9nero, orientaci\u00f3n sexual, religi\u00f3n, etnia, raza, edad, nacionalidad o discapacidad; difundir informaci\u00f3n falsa o enga\u00f1osa para actividades propias de hackers y transmitir virus a otros sitios en internet, violentar el derecho de intimidad de los dem\u00e1s usuarios, mediante la violaci\u00f3n de los mecanismos de encriptaci\u00f3n para cualquier prop\u00f3sito obsceno o inmoral. El usuario que violente la presente disposici\u00f3n ser\u00e1 suspendido del servicio sin previo aviso y sin ninguna responsabilidad legal o comercial por parte de<i><b>\u00a0<a href=\"http:\/\/WWW.HOGARCENTROVICTORVARGAS.COM\" target=\"_blank\" rel=\"noopener\">www.hogarcentrovictorvargas.com<\/a><\/b><\/i>, en resguardo de la ley nacional e internacional que regula toda la materia de internet y el comercio electr\u00f3nico.<\/p>\n<h6><strong>D\u00c9CIMO:<\/strong>\u00a0No ser\u00e1 causa de responsabilidad de<a href=\"http:\/\/WWW.HOGARCENTROVICTORVARGAS.COM\" target=\"_blank\" rel=\"noopener\">\u00a0<i><b>www.hogarcentrovictorvargas.com<\/b><\/i><\/a>\u00a0los eventos de suspensi\u00f3n del servicio por causas fuera de su control, por hechos fortuitos o de fuerza mayor. En los casos de mantenimiento del sistema\u00a0<a href=\"http:\/\/WWW.HOGARCENTROVICTORVARGAS.COM\" target=\"_blank\" rel=\"noopener\"><i><b>www.hogarcentrovictorvargas.com<\/b><\/i><\/a>\u00a0podr\u00e1 suspender el servicio por tiempo indefinido y sin previo aviso.<\/h6>\n<p>En ning\u00fan caso\u00a0<span style=\"font-size: 15px; font-style: normal; font-weight: bold; background-color: #ffffff; color: #3a3a3a;\"><i><a href=\"http:\/\/www.hogarcentrovictorvargas.com\/\">WWW.HOGARCENTROVICTORVARGAS.COM<\/a><\/i><\/span>, nuestros directores, funcionarios, empleados, afiliados, agentes, contratistas, internos, proveedores, prestadores de servicios o licenciantes, ser\u00e1n responsables por cualquier da\u00f1o, p\u00e9rdida, reclamo, o da\u00f1os directos, indirectos, incidentales, punitivos, especiales o consecuentes de cualquier tipo, incluyendo, sin limitaci\u00f3n, p\u00e9rdida de beneficios, p\u00e9rdida de ingresos, p\u00e9rdida de ahorros, p\u00e9rdida de datos, costos de reemplazo, o cualquier da\u00f1o similar, ya sea basado en contrato, agravio (incluyendo negligencia), responsabilidad estricta o de otra manera, como consecuencia del uso de cualquiera de los servicios o productos adquiridos mediante el servicio, o por cualquier otro reclamo relacionado de alguna manera con el uso del servicio o cualquier producto, incluyendo pero no limitado, a cualquier error u omisi\u00f3n en cualquier contenido, o cualquier p\u00e9rdida o da\u00f1o de cualquier tipo, incurridos como resultados de la utilizaci\u00f3n del servicio o cualquier contenido (o producto) publicado, transmitido, o que se pongan a disposici\u00f3n a trav\u00e9s del servicio, incluso si se avisa de su posibilidad. Debido a que las leyes nacionales no permiten la exclusi\u00f3n o la limitaci\u00f3n de responsabilidad por da\u00f1os consecuenciales o incidentales, nuestra responsabilidad se limitar\u00e1 en la medida m\u00e1xima permitida por la ley.<\/p>\n<p><strong>D\u00c9CIMO PRIMERO:<\/strong>\u00a0El usuario acepta indemnizar, defender y mantener impune a\u00a0<a href=\"http:\/\/WWW.HOGARCENTROVICTORVARGAS.COM\" target=\"_blank\" rel=\"noopener\"><i><b>www.hogarcentrovictorvargas.com<\/b><\/i><\/a><span style=\"font-size: 15px;\">\u00a0y nuestras matrices, subsidiarias, afiliados, socios, funcionarios, directores, agentes, contratistas, concesionarios, proveedores de servicios, subcontratistas, proveedores, internos y empleados, de cualquier reclamo o demanda, incluyendo honorarios razonables de abogados, hechos por cualquier tercero a causa o como resultado de su incumplimiento de las Condiciones de Servicio o de los documentos que incorporan como referencia, o la violaci\u00f3n de cualquier ley o de los derechos de un tercero.<\/span><\/p>\n<p>En el caso de que se determine que cualquier disposici\u00f3n de estas Condiciones de Servicio sea ilegal, nula o inejecutable, dicha disposici\u00f3n ser\u00e1, no obstante, efectiva a obtener la m\u00e1xima medida permitida por la ley aplicable y la parte no exigible se considerar\u00e1 separada de estos T\u00e9rminos de Servicio, dicha determinaci\u00f3n no afectar\u00e1 la validez de aplicabilidad de las dem\u00e1s disposiciones restantes.<\/p>\n<p><strong>D\u00c9CIMO SEGUNDO:<\/strong>El usuario podr\u00e1 suspender el servicio y renunciar a los presentes t\u00e9rminos y condiciones, pero nunca vencer\u00e1 el compromiso de confidencialidad de la informaci\u00f3n que ha recibido en raz\u00f3n del uso de la plataforma\u00a0<a href=\"http:\/\/WWW.HOGARCENTROVICTORVARGAS.COMWWW.HOGARCENTROVICTORVARGAS.COMWWW.HOGARCENTROVICTORVARGAS.COM\" target=\"_blank\" rel=\"noopener\"><b><i>www.hogarcentrovictorvargas.com<\/i><\/b><\/a>. Los da\u00f1os y perjuicios derivados del uso, abuso de la informaci\u00f3n, autorizar\u00e1 a proceder con los instrumentos legales necesarios para ser compensado y acarrear\u00e1 las multas y sanciones que la legislaci\u00f3n costarricense determine.<\/p>\n<p><strong>D\u00c9CIMO TERCERO:<\/strong>\u00a0El usuario comprende qu\u00e9 entre las pol\u00edticas de devoluciones, se debe respetar el plazo m\u00e1ximo de 2 d\u00edas h\u00e1biles, a partir del momento que recibe el pedido correspondiente, una vez esto suceda deber\u00e1 anunciar la devoluci\u00f3n a\u00a0<a href=\"http:\/\/WWW.HOGARCENTROVICTORVARGAS.COM\" target=\"_blank\" rel=\"noopener\"><i><b>www.hogarcentrovictorvargas.com<\/b><\/i><\/a><span style=\"font-size: 15px; font-style: normal; font-weight: 400;\">\u00a0<\/span>y entregar el producto. El producto deber\u00e1 ser devuelto en el mismo estado en el que se entreg\u00f3 y deber\u00e1 conservar su empaque y etiquetado original. Debe incluir la factura y en los casos en los que aplique, deben entregarse tambi\u00e9n los accesorios inclu\u00eddos del producto (s). Los productos que se encuentran sellados pueden ser retornados sin sello \u00fanicamente en caso de defectos o da\u00f1os de fabricaci\u00f3n, ser\u00e1 necesario asegurarse que el producto no haya sido utilizado\/instalado y est\u00e9 en sus condiciones originales. (sin desgaste por uso).<\/p>\n<p><strong>D\u00c9CIMO CUARTO:<\/strong>\u00a0Son parte de las presentes condiciones las pol\u00edticas de privacidad, confidencialidad, y cualquier otra reglamentaci\u00f3n en cuanto al uso de la plataforma. No podr\u00e1 el usuario alegar desconocimiento de las mismas.<\/p>\n<p>Todo lo que no sea indicado en estos T\u00e9rminos y Condiciones ser\u00e1 regulado por la Legislaci\u00f3n costarricense e internacional en materia de delitos inform\u00e1ticos, ICloud, i \u2013 commerce (comercio digital), el C\u00f3digo Civil, C\u00f3digo de Comercio, Ley de promoci\u00f3n de la competencia y defensa efectiva del consumidor No. 7472 y su reglamento, Ley de Protecci\u00f3n de la persona frente al tratamiento de sus datos personales No. 8968 y su reglamento, C\u00f3digo Penal Ley de Marcas y otros signos distintivos No. 7978 y su reglamento, Ley de Observancia de los Derechos de Propiedad Intelectual No. 8039 y su reglamento, Acuerdo sobre los aspectos de los Derechos de Propiedad Intelectual relacionados con el Comercio (ADPIC), y dem\u00e1s leyes que regulen la materia.<\/p>\n<ul>\n<li>Env\u00edanos cualquier pregunta acerca de los T\u00e9rminos y Condiciones de Servicio a\u00a0<a style=\"font-size: 15px; background-color: #ffffff;\" href=\"mailto:admin@hogarcentrovictorvargas.com\" target=\"_blank\" rel=\"noopener\"><i><b>admin@hogarcentrovictorvargas.com<\/b><\/i><\/a><\/li>\n<\/ul>\t\t\t\t\t<\/div>\n\t\t\t\t\t\t<\/div>\n\t\t\t\t<\/div>\n\t\t\t\t\t\t<\/div>\n\t\t\t\t\t<\/div>\n\t\t<\/div>\n\t\t\t\t\t\t\t\t<\/div>\n\t\t\t\t\t<\/div>\n\t\t<\/section>\n\t\t\t\t\t\t<\/div>\n\t\t\t\t\t\t<\/div>\n\t\t\t\t\t<\/div>\n\t\t","protected":false},"excerpt":{"rendered":"<p>T\u00e9rminos y condiciones de uso de hogarcentrovictorvargas.com Estos \u201cT\u00e9rminos y Condiciones\u201d regulan el acceso en Costa Rica a nuestro sitio\u00a0www.hogarcentrovictorvargas.com\u00a0y el uso por todo usuario o consumidor. El usuario se encuentra supeditado a la aceptaci\u00f3n de todos los t\u00e9rminos y condiciones presentados, para hacer uso de los productos y servicios de\u00a0www.hogarcentrovictorvargas.com\u00a0y alcanzan a los usuarios, &hellip;<\/p>\n<p class=\"read-more\"> <a class=\"\" href=\"https:\/\/hogarcentrovictorvargas.com\/?page_id=3\"> <span class=\"screen-reader-text\">Politica de Privacidad<\/span> Leer m\u00e1s &raquo;<\/a><\/p>\n","protected":false},"author":1,"featured_media":0,"parent":0,"menu_order":0,"comment_status":"closed","ping_status":"open","template":"","meta":{"footnotes":""},"class_list":["post-3","page","type-page","status-publish","hentry"],"_links":{"self":[{"href":"https:\/\/hogarcentrovictorvargas.com\/index.php?rest_route=\/wp\/v2\/pages\/3","targetHints":{"allow":["GET"]}}],"collection":[{"href":"https:\/\/hogarcentrovictorvargas.com\/index.php?rest_route=\/wp\/v2\/pages"}],"about":[{"href":"https:\/\/hogarcentrovictorvargas.com\/index.php?rest_route=\/wp\/v2\/types\/page"}],"author":[{"embeddable":true,"href":"https:\/\/hogarcentrovictorvargas.com\/index.php?rest_route=\/wp\/v2\/users\/1"}],"replies":[{"embeddable":true,"href":"https:\/\/hogarcentrovictorvargas.com\/index.php?rest_route=%2Fwp%2Fv2%2Fcomments&post=3"}],"version-history":[{"count":4,"href":"https:\/\/hogarcentrovictorvargas.com\/index.php?rest_route=\/wp\/v2\/pages\/3\/revisions"}],"predecessor-version":[{"id":1317,"href":"https:\/\/hogarcentrovictorvargas.com\/index.php?rest_route=\/wp\/v2\/pages\/3\/revisions\/1317"}],"wp:attachment":[{"href":"https:\/\/hogarcentrovictorvargas.com\/index.php?rest_route=%2Fwp%2Fv2%2Fmedia&parent=3"}],"curies":[{"name":"wp","href":"https:\/\/api.w.org\/{rel}","templated":true}]}}