{"id":1000,"date":"2020-06-08T22:38:31","date_gmt":"2020-06-08T22:38:31","guid":{"rendered":"https:\/\/hogarcentrovictorvargas.com\/?post_type=product&#038;p=1000"},"modified":"2022-04-19T20:16:32","modified_gmt":"2022-04-19T20:16:32","slug":"horno-tostador-premium-tp091","status":"publish","type":"product","link":"https:\/\/hogarcentrovictorvargas.com\/?product=horno-tostador-premium-tp091","title":{"rendered":"HORNO TOSTADOR PREMIUM TP091"},"content":{"rendered":"<p>El Horno tostador PTO91 Premium est\u00e1 aqu\u00ed para sus necesidades de tostado, horneado y tostado. Adecuado para 4 rebanadas de pan, tambi\u00e9n puede caber f\u00e1cilmente una pizza de tama\u00f1o personal de 8 &#8220;. La perilla de control permite hasta 60 minutos de cocci\u00f3n, con apagado autom\u00e1tico y timbre listo todo el tiempo. La bandeja es extra\u00edble para facilitar limpie, y la bandeja de la miga inferior tambi\u00e9n se desbloquea.<\/p>\n","protected":false},"excerpt":{"rendered":"<p>El Horno tostador PTO91 Premium est\u00e1 aqu\u00ed para sus necesidades de tostado, horneado y tostado. Adecuado para 4 rebanadas de pan, tambi\u00e9n puede caber f\u00e1cilmente una pizza de tama\u00f1o personal de 8 &#8220;. La perilla de control permite hasta 60 minutos de cocci\u00f3n, con apagado autom\u00e1tico y timbre listo todo el tiempo. La bandeja es &hellip;<\/p>\n<p class=\"read-more\"> <a class=\"\" href=\"https:\/\/hogarcentrovictorvargas.com\/?product=horno-tostador-premium-tp091\"> <span class=\"screen-reader-text\">HORNO TOSTADOR PREMIUM TP091<\/span> Leer m\u00e1s &raquo;<\/a><\/p>\n","protected":false},"featured_media":1001,"comment_status":"open","ping_status":"closed","template":"","meta":[],"pwb-brand":[30],"class_list":{"0":"post-1000","1":"product","2":"type-product","3":"status-publish","4":"has-post-thumbnail","6":"pwb-brand-premium","7":"product_cat-electrodomesticos","9":"first","10":"instock","11":"shipping-taxable","12":"purchasable","13":"product-type-simple"},"brands":[{"id":30,"name":"Premium","slug":"premium"}],"_links":{"self":[{"href":"https:\/\/hogarcentrovictorvargas.com\/index.php?rest_route=\/wp\/v2\/product\/1000","targetHints":{"allow":["GET"]}}],"collection":[{"href":"https:\/\/hogarcentrovictorvargas.com\/index.php?rest_route=\/wp\/v2\/product"}],"about":[{"href":"https:\/\/hogarcentrovictorvargas.com\/index.php?rest_route=\/wp\/v2\/types\/product"}],"replies":[{"embeddable":true,"href":"https:\/\/hogarcentrovictorvargas.com\/index.php?rest_route=%2Fwp%2Fv2%2Fcomments&post=1000"}],"wp:featuredmedia":[{"embeddable":true,"href":"https:\/\/hogarcentrovictorvargas.com\/index.php?rest_route=\/wp\/v2\/media\/1001"}],"wp:attachment":[{"href":"https:\/\/hogarcentrovictorvargas.com\/index.php?rest_route=%2Fwp%2Fv2%2Fmedia&parent=1000"}],"wp:term":[{"taxonomy":"pwb-brand","embeddable":true,"href":"https:\/\/hogarcentrovictorvargas.com\/index.php?rest_route=%2Fwp%2Fv2%2Fpwb-brand&post=1000"}],"curies":[{"name":"wp","href":"https:\/\/api.w.org\/{rel}","templated":true}]}}