{"id":1047,"date":"2020-06-09T22:22:08","date_gmt":"2020-06-09T22:22:08","guid":{"rendered":"https:\/\/hogarcentrovictorvargas.com\/?post_type=product&#038;p=1047"},"modified":"2022-04-20T17:11:32","modified_gmt":"2022-04-20T17:11:32","slug":"licuadora-hamilton-beach-58149","status":"publish","type":"product","link":"https:\/\/hogarcentrovictorvargas.com\/?product=licuadora-hamilton-beach-58149","title":{"rendered":"LICUADORA HAMILTON BEACH 58149"},"content":{"rendered":"<ul>\n<li>2 productos en 1<\/li>\n<li>Licuadora\n<ul>\n<li>Jarra de vidrio de 1.2 litros<\/li>\n<li>Toda la potencia que necesita para preparar salsas, pur\u00e9s, cremas, triturar hielo y m\u00e1s<\/li>\n<li>Potencia m\u00e1xima de 700 watt<\/li>\n<li>Lic\u00faa, muele, pulveriza y tritura<\/li>\n<li>Almacenamiento de cable<\/li>\n<\/ul>\n<\/li>\n<li>Picador\n<ul>\n<li>Taz\u00f3n de picar para 3 tazas<\/li>\n<li>Fabuloso para vegetales, nueces, salsa y aderezos<\/li>\n<li>Recipiente para lavado en lavavajillas<\/li>\n<li>2 velocidades m\u00e1s pulso<\/li>\n<li>Almacenamiento de cable<\/li>\n<li>Cuchillas de acero inoxidable<\/li>\n<\/ul>\n<\/li>\n<\/ul>\n","protected":false},"excerpt":{"rendered":"<p>2 productos en 1 Licuadora Jarra de vidrio de 1.2 litros Toda la potencia que necesita para preparar salsas, pur\u00e9s, cremas, triturar hielo y m\u00e1s Potencia m\u00e1xima de 700 watt Lic\u00faa, muele, pulveriza y tritura Almacenamiento de cable Picador Taz\u00f3n de picar para 3 tazas Fabuloso para vegetales, nueces, salsa y aderezos Recipiente para lavado &hellip;<\/p>\n<p class=\"read-more\"> <a class=\"\" href=\"https:\/\/hogarcentrovictorvargas.com\/?product=licuadora-hamilton-beach-58149\"> <span class=\"screen-reader-text\">LICUADORA HAMILTON BEACH 58149<\/span> Leer m\u00e1s &raquo;<\/a><\/p>\n","protected":false},"featured_media":1048,"comment_status":"open","ping_status":"closed","template":"","meta":[],"pwb-brand":[41],"class_list":{"0":"post-1047","1":"product","2":"type-product","3":"status-publish","4":"has-post-thumbnail","6":"pwb-brand-hamilton-beach","7":"product_cat-electrodomesticos","9":"first","10":"instock","11":"shipping-taxable","12":"product-type-simple"},"brands":[{"id":41,"name":"HAMILTON BEACH","slug":"hamilton-beach"}],"_links":{"self":[{"href":"https:\/\/hogarcentrovictorvargas.com\/index.php?rest_route=\/wp\/v2\/product\/1047","targetHints":{"allow":["GET"]}}],"collection":[{"href":"https:\/\/hogarcentrovictorvargas.com\/index.php?rest_route=\/wp\/v2\/product"}],"about":[{"href":"https:\/\/hogarcentrovictorvargas.com\/index.php?rest_route=\/wp\/v2\/types\/product"}],"replies":[{"embeddable":true,"href":"https:\/\/hogarcentrovictorvargas.com\/index.php?rest_route=%2Fwp%2Fv2%2Fcomments&post=1047"}],"wp:featuredmedia":[{"embeddable":true,"href":"https:\/\/hogarcentrovictorvargas.com\/index.php?rest_route=\/wp\/v2\/media\/1048"}],"wp:attachment":[{"href":"https:\/\/hogarcentrovictorvargas.com\/index.php?rest_route=%2Fwp%2Fv2%2Fmedia&parent=1047"}],"wp:term":[{"taxonomy":"pwb-brand","embeddable":true,"href":"https:\/\/hogarcentrovictorvargas.com\/index.php?rest_route=%2Fwp%2Fv2%2Fpwb-brand&post=1047"}],"curies":[{"name":"wp","href":"https:\/\/api.w.org\/{rel}","templated":true}]}}