{"id":1069,"date":"2020-06-11T16:38:27","date_gmt":"2020-06-11T16:38:27","guid":{"rendered":"https:\/\/hogarcentrovictorvargas.com\/?post_type=product&#038;p=1069"},"modified":"2022-04-20T17:29:42","modified_gmt":"2022-04-20T17:29:42","slug":"maquina-de-coser-brother-14pvx1445","status":"publish","type":"product","link":"https:\/\/hogarcentrovictorvargas.com\/?product=maquina-de-coser-brother-14pvx1445","title":{"rendered":"MAQUINA DE COSER BROTHER 14PVX1445"},"content":{"rendered":"<ul>\n<li>Capacidad 35 funciones de puntada.<\/li>\n<li>Incluye 14 puntadas incorporadas. 35 funciones de puntada. Ojal autom\u00e1tico de 4 pasos. Ancho de la puntada hasta 5 mm. Largo de la puntada hasta 4 mm. Puntada de costura invisible y el\u00e1stica incorporadas. Realiza puntadas rectas de sat\u00e9n y zigzag. Ajuste del largo y ancho de la puntada autom\u00e1tico. Luz incorporada y espacio para almacenar accesorios. Sistema r\u00e1pido de devanado. Bobina horizontal de f\u00e1cil enhebrado. Brazo libre para costuras tubulares..<\/li>\n<\/ul>\n","protected":false},"excerpt":{"rendered":"<p>Capacidad 35 funciones de puntada. Incluye 14 puntadas incorporadas. 35 funciones de puntada. Ojal autom\u00e1tico de 4 pasos. Ancho de la puntada hasta 5 mm. Largo de la puntada hasta 4 mm. Puntada de costura invisible y el\u00e1stica incorporadas. Realiza puntadas rectas de sat\u00e9n y zigzag. Ajuste del largo y ancho de la puntada autom\u00e1tico. &hellip;<\/p>\n<p class=\"read-more\"> <a class=\"\" href=\"https:\/\/hogarcentrovictorvargas.com\/?product=maquina-de-coser-brother-14pvx1445\"> <span class=\"screen-reader-text\">MAQUINA DE COSER BROTHER 14PVX1445<\/span> Leer m\u00e1s &raquo;<\/a><\/p>\n","protected":false},"featured_media":1070,"comment_status":"open","ping_status":"closed","template":"","meta":[],"pwb-brand":[46],"class_list":{"0":"post-1069","1":"product","2":"type-product","3":"status-publish","4":"has-post-thumbnail","6":"pwb-brand-brother","7":"product_cat-hogar","9":"first","10":"instock","11":"shipping-taxable","12":"product-type-simple"},"brands":[{"id":46,"name":"BROTHER","slug":"brother"}],"_links":{"self":[{"href":"https:\/\/hogarcentrovictorvargas.com\/index.php?rest_route=\/wp\/v2\/product\/1069","targetHints":{"allow":["GET"]}}],"collection":[{"href":"https:\/\/hogarcentrovictorvargas.com\/index.php?rest_route=\/wp\/v2\/product"}],"about":[{"href":"https:\/\/hogarcentrovictorvargas.com\/index.php?rest_route=\/wp\/v2\/types\/product"}],"replies":[{"embeddable":true,"href":"https:\/\/hogarcentrovictorvargas.com\/index.php?rest_route=%2Fwp%2Fv2%2Fcomments&post=1069"}],"wp:featuredmedia":[{"embeddable":true,"href":"https:\/\/hogarcentrovictorvargas.com\/index.php?rest_route=\/wp\/v2\/media\/1070"}],"wp:attachment":[{"href":"https:\/\/hogarcentrovictorvargas.com\/index.php?rest_route=%2Fwp%2Fv2%2Fmedia&parent=1069"}],"wp:term":[{"taxonomy":"pwb-brand","embeddable":true,"href":"https:\/\/hogarcentrovictorvargas.com\/index.php?rest_route=%2Fwp%2Fv2%2Fpwb-brand&post=1069"}],"curies":[{"name":"wp","href":"https:\/\/api.w.org\/{rel}","templated":true}]}}