{"id":1077,"date":"2020-06-11T23:26:45","date_gmt":"2020-06-11T23:26:45","guid":{"rendered":"https:\/\/hogarcentrovictorvargas.com\/?post_type=product&#038;p=1077"},"modified":"2022-04-20T17:30:32","modified_gmt":"2022-04-20T17:30:32","slug":"maquina-de-coser-brother-digital-cs5055prw","status":"publish","type":"product","link":"https:\/\/hogarcentrovictorvargas.com\/?product=maquina-de-coser-brother-digital-cs5055prw","title":{"rendered":"MAQUINA DE COSER BROTHER DIGITAL CS5055PRW"},"content":{"rendered":"<p>Crear gama alta de moda a un precio asequible, con este incre\u00edblemente f\u00e1cil de aprender y usar.<\/p>\n<ul>\n<li>! Experiencia f\u00e1cil, fiable roscado de tanto la parte superior e inferior hilos<\/li>\n<li>pr\u00e1cticamente sin esfuerzo de coser sobre una amplia gama de tejidos, y la capacidad de agregar calidad profesional de los ojales, cremalleras decorativas de costuras en la parte superior y ordenada, sobrehilado bordes a tus creaciones favoritas.<\/li>\n<\/ul>\n","protected":false},"excerpt":{"rendered":"<p>Crear gama alta de moda a un precio asequible, con este incre\u00edblemente f\u00e1cil de aprender y usar. ! Experiencia f\u00e1cil, fiable roscado de tanto la parte superior e inferior hilos pr\u00e1cticamente sin esfuerzo de coser sobre una amplia gama de tejidos, y la capacidad de agregar calidad profesional de los ojales, cremalleras decorativas de costuras &hellip;<\/p>\n<p class=\"read-more\"> <a class=\"\" href=\"https:\/\/hogarcentrovictorvargas.com\/?product=maquina-de-coser-brother-digital-cs5055prw\"> <span class=\"screen-reader-text\">MAQUINA DE COSER BROTHER DIGITAL CS5055PRW<\/span> Leer m\u00e1s &raquo;<\/a><\/p>\n","protected":false},"featured_media":1078,"comment_status":"open","ping_status":"closed","template":"","meta":[],"pwb-brand":[46],"class_list":{"0":"post-1077","1":"product","2":"type-product","3":"status-publish","4":"has-post-thumbnail","6":"pwb-brand-brother","7":"product_cat-hogar","9":"first","10":"instock","11":"shipping-taxable","12":"product-type-simple"},"brands":[{"id":46,"name":"BROTHER","slug":"brother"}],"_links":{"self":[{"href":"https:\/\/hogarcentrovictorvargas.com\/index.php?rest_route=\/wp\/v2\/product\/1077","targetHints":{"allow":["GET"]}}],"collection":[{"href":"https:\/\/hogarcentrovictorvargas.com\/index.php?rest_route=\/wp\/v2\/product"}],"about":[{"href":"https:\/\/hogarcentrovictorvargas.com\/index.php?rest_route=\/wp\/v2\/types\/product"}],"replies":[{"embeddable":true,"href":"https:\/\/hogarcentrovictorvargas.com\/index.php?rest_route=%2Fwp%2Fv2%2Fcomments&post=1077"}],"wp:featuredmedia":[{"embeddable":true,"href":"https:\/\/hogarcentrovictorvargas.com\/index.php?rest_route=\/wp\/v2\/media\/1078"}],"wp:attachment":[{"href":"https:\/\/hogarcentrovictorvargas.com\/index.php?rest_route=%2Fwp%2Fv2%2Fmedia&parent=1077"}],"wp:term":[{"taxonomy":"pwb-brand","embeddable":true,"href":"https:\/\/hogarcentrovictorvargas.com\/index.php?rest_route=%2Fwp%2Fv2%2Fpwb-brand&post=1077"}],"curies":[{"name":"wp","href":"https:\/\/api.w.org\/{rel}","templated":true}]}}