{"id":1085,"date":"2020-06-11T23:45:01","date_gmt":"2020-06-11T23:45:01","guid":{"rendered":"https:\/\/hogarcentrovictorvargas.com\/?post_type=product&#038;p=1085"},"modified":"2022-04-20T17:33:01","modified_gmt":"2022-04-20T17:33:01","slug":"maquina-de-coser-singer-23p3223","status":"publish","type":"product","link":"https:\/\/hogarcentrovictorvargas.com\/?product=maquina-de-coser-singer-23p3223","title":{"rendered":"MAQUINA DE COSER SINGER 23P3223"},"content":{"rendered":"<p>La m\u00e1quina de coser Singer tiene un incre\u00edble dise\u00f1o, 23 puntadas, flexibles y decorativas, devanador autom\u00e1tico, selector de ancho y largo de puntada, regulador de tensi\u00f3n de Hilo, cortahilo, gu\u00eda de f\u00e1cil enebrado, selector de puntadas, ojalador en 4 pasos, sistema de bobina vertical, porta carrete horizontal, presi\u00f3n del prensatelas, palanca de retroceso, 2 posiciones de aguja, ensartador autom\u00e1tico, luz.<\/p>\n","protected":false},"excerpt":{"rendered":"<p>La m\u00e1quina de coser Singer tiene un incre\u00edble dise\u00f1o, 23 puntadas, flexibles y decorativas, devanador autom\u00e1tico, selector de ancho y largo de puntada, regulador de tensi\u00f3n de Hilo, cortahilo, gu\u00eda de f\u00e1cil enebrado, selector de puntadas, ojalador en 4 pasos, sistema de bobina vertical, porta carrete horizontal, presi\u00f3n del prensatelas, palanca de retroceso, 2 posiciones &hellip;<\/p>\n<p class=\"read-more\"> <a class=\"\" href=\"https:\/\/hogarcentrovictorvargas.com\/?product=maquina-de-coser-singer-23p3223\"> <span class=\"screen-reader-text\">MAQUINA DE COSER SINGER 23P3223<\/span> Leer m\u00e1s &raquo;<\/a><\/p>\n","protected":false},"featured_media":1086,"comment_status":"open","ping_status":"closed","template":"","meta":[],"pwb-brand":[45],"class_list":{"0":"post-1085","1":"product","2":"type-product","3":"status-publish","4":"has-post-thumbnail","6":"pwb-brand-singer","7":"product_cat-hogar","9":"first","10":"instock","11":"shipping-taxable","12":"product-type-simple"},"brands":[{"id":45,"name":"SINGER","slug":"singer"}],"_links":{"self":[{"href":"https:\/\/hogarcentrovictorvargas.com\/index.php?rest_route=\/wp\/v2\/product\/1085","targetHints":{"allow":["GET"]}}],"collection":[{"href":"https:\/\/hogarcentrovictorvargas.com\/index.php?rest_route=\/wp\/v2\/product"}],"about":[{"href":"https:\/\/hogarcentrovictorvargas.com\/index.php?rest_route=\/wp\/v2\/types\/product"}],"replies":[{"embeddable":true,"href":"https:\/\/hogarcentrovictorvargas.com\/index.php?rest_route=%2Fwp%2Fv2%2Fcomments&post=1085"}],"wp:featuredmedia":[{"embeddable":true,"href":"https:\/\/hogarcentrovictorvargas.com\/index.php?rest_route=\/wp\/v2\/media\/1086"}],"wp:attachment":[{"href":"https:\/\/hogarcentrovictorvargas.com\/index.php?rest_route=%2Fwp%2Fv2%2Fmedia&parent=1085"}],"wp:term":[{"taxonomy":"pwb-brand","embeddable":true,"href":"https:\/\/hogarcentrovictorvargas.com\/index.php?rest_route=%2Fwp%2Fv2%2Fpwb-brand&post=1085"}],"curies":[{"name":"wp","href":"https:\/\/api.w.org\/{rel}","templated":true}]}}