{"id":1089,"date":"2020-06-11T23:52:41","date_gmt":"2020-06-11T23:52:41","guid":{"rendered":"https:\/\/hogarcentrovictorvargas.com\/?post_type=product&#038;p=1089"},"modified":"2022-04-20T17:35:00","modified_gmt":"2022-04-20T17:35:00","slug":"maquina-de-moler-cafe-hamilton-beach","status":"publish","type":"product","link":"https:\/\/hogarcentrovictorvargas.com\/?product=maquina-de-moler-cafe-hamilton-beach","title":{"rendered":"MAQUINA DE MOLER CAFE HAMILTON BEACH"},"content":{"rendered":"<ul>\n<li>Disponible en color: Blanco<\/li>\n<li>C\u00e1mara de molienda apta para lavavajillas, extra\u00edble (se quita para rellenar f\u00e1cilmente granos enteros o especias. Una vez terminado, retira la c\u00e1mara para una f\u00e1cil limpieza).<\/li>\n<li>Capacidad para 12 tazas.<\/li>\n<li>Cuchillas de acero inoxidable, duraderas para moler granos de caf\u00e9 y especias con facilidad.<\/li>\n<li>Almacenamiento oculto para el cable en la parte inferior.<\/li>\n<\/ul>\n","protected":false},"excerpt":{"rendered":"<p>Disponible en color: Blanco C\u00e1mara de molienda apta para lavavajillas, extra\u00edble (se quita para rellenar f\u00e1cilmente granos enteros o especias. Una vez terminado, retira la c\u00e1mara para una f\u00e1cil limpieza). Capacidad para 12 tazas. Cuchillas de acero inoxidable, duraderas para moler granos de caf\u00e9 y especias con facilidad. Almacenamiento oculto para el cable en la &hellip;<\/p>\n<p class=\"read-more\"> <a class=\"\" href=\"https:\/\/hogarcentrovictorvargas.com\/?product=maquina-de-moler-cafe-hamilton-beach\"> <span class=\"screen-reader-text\">MAQUINA DE MOLER CAFE HAMILTON BEACH<\/span> Leer m\u00e1s &raquo;<\/a><\/p>\n","protected":false},"featured_media":1090,"comment_status":"open","ping_status":"closed","template":"","meta":[],"pwb-brand":[41],"class_list":{"0":"post-1089","1":"product","2":"type-product","3":"status-publish","4":"has-post-thumbnail","6":"pwb-brand-hamilton-beach","7":"product_cat-electrodomesticos","9":"first","10":"instock","11":"shipping-taxable","12":"product-type-simple"},"brands":[{"id":41,"name":"HAMILTON BEACH","slug":"hamilton-beach"}],"_links":{"self":[{"href":"https:\/\/hogarcentrovictorvargas.com\/index.php?rest_route=\/wp\/v2\/product\/1089","targetHints":{"allow":["GET"]}}],"collection":[{"href":"https:\/\/hogarcentrovictorvargas.com\/index.php?rest_route=\/wp\/v2\/product"}],"about":[{"href":"https:\/\/hogarcentrovictorvargas.com\/index.php?rest_route=\/wp\/v2\/types\/product"}],"replies":[{"embeddable":true,"href":"https:\/\/hogarcentrovictorvargas.com\/index.php?rest_route=%2Fwp%2Fv2%2Fcomments&post=1089"}],"wp:featuredmedia":[{"embeddable":true,"href":"https:\/\/hogarcentrovictorvargas.com\/index.php?rest_route=\/wp\/v2\/media\/1090"}],"wp:attachment":[{"href":"https:\/\/hogarcentrovictorvargas.com\/index.php?rest_route=%2Fwp%2Fv2%2Fmedia&parent=1089"}],"wp:term":[{"taxonomy":"pwb-brand","embeddable":true,"href":"https:\/\/hogarcentrovictorvargas.com\/index.php?rest_route=%2Fwp%2Fv2%2Fpwb-brand&post=1089"}],"curies":[{"name":"wp","href":"https:\/\/api.w.org\/{rel}","templated":true}]}}