{"id":1435,"date":"2025-03-18T21:11:41","date_gmt":"2025-03-18T21:11:41","guid":{"rendered":"https:\/\/hogarcentrovictorvargas.com\/?post_type=product&#038;p=1435"},"modified":"2025-03-18T21:11:41","modified_gmt":"2025-03-18T21:11:41","slug":"maquina-cafe-expreso-power-xl-em-0112","status":"publish","type":"product","link":"https:\/\/hogarcentrovictorvargas.com\/?product=maquina-cafe-expreso-power-xl-em-0112","title":{"rendered":"MAQUINA CAFE EXPRESO POWER-XL EM-0112"},"content":{"rendered":"<p>La m\u00e1quina para Espresso Semi-autom\u00e1tica PowerXL , te ofrece una excelente calidad de extracci\u00f3n para un sabor autentico. Disfruta de un delicioso espresso hecho desde la comodidad de tu hogar, completo con bomba de 15 bar y una potente varilla de vapor que te permite crear f\u00e1cilmente todas tus bebidas favoritas. Ya seas un barista experimentado o simplemente un amante del caf\u00e9, logra el equilibrio perfecto de aromas y sabores.<\/p>\n<div class=\"ast-oembed-container\"><iframe loading=\"lazy\" title=\"Maquina para espresso semi-autom\u00e1tica PowerXL\u2122 Distinctions, EM0112-0SPLA\" width=\"500\" height=\"281\" src=\"https:\/\/www.youtube.com\/embed\/f4hvQOGzvzQ?feature=oembed\" frameborder=\"0\" allow=\"accelerometer; autoplay; clipboard-write; encrypted-media; gyroscope; picture-in-picture; web-share\" referrerpolicy=\"strict-origin-when-cross-origin\" allowfullscreen><\/iframe><\/div>\n","protected":false},"excerpt":{"rendered":"<p><strong>Caracter\u00edsticas:<\/strong><\/p>\n<ul>\n<li>15 bar de presi\u00f3n<\/li>\n<li>Exterior de acero inoxidable<\/li>\n<li>Porta filtro para opci\u00f3n sencilla o doble<\/li>\n<li>Pantalla digital LED<\/li>\n<li>Tanque de agua extra\u00edble de 1.45 litros de capacidad<\/li>\n<li>Varilla de vapor para espumado de leche cremosa o agua caliente<\/li>\n<li>1350 watts de potencia<\/li>\n<li>Placa de calentamiento para tazas<\/li>\n<li>Panel de control<\/li>\n<li>Cuchara de medir con aplanador<\/li>\n<li>Tapa de bandeja de goteo<\/li>\n<li>Calentador con sistema de bloqueo t\u00e9rmico Thermoblock para un calentamiento r\u00e1pido y uniforme para preparaci\u00f3n y emisi\u00f3n de vapor perfecto<\/li>\n<\/ul>\n","protected":false},"featured_media":1436,"comment_status":"open","ping_status":"closed","template":"","meta":[],"pwb-brand":[146],"class_list":{"0":"post-1435","1":"product","2":"type-product","3":"status-publish","4":"has-post-thumbnail","6":"pwb-brand-power-xl","7":"product_cat-cafeteras-y-coffee-maker","8":"product_cat-electrodomesticos","10":"first","11":"instock","12":"shipping-taxable","13":"product-type-simple"},"brands":[{"id":146,"name":"POWER XL","slug":"power-xl"}],"_links":{"self":[{"href":"https:\/\/hogarcentrovictorvargas.com\/index.php?rest_route=\/wp\/v2\/product\/1435","targetHints":{"allow":["GET"]}}],"collection":[{"href":"https:\/\/hogarcentrovictorvargas.com\/index.php?rest_route=\/wp\/v2\/product"}],"about":[{"href":"https:\/\/hogarcentrovictorvargas.com\/index.php?rest_route=\/wp\/v2\/types\/product"}],"replies":[{"embeddable":true,"href":"https:\/\/hogarcentrovictorvargas.com\/index.php?rest_route=%2Fwp%2Fv2%2Fcomments&post=1435"}],"wp:featuredmedia":[{"embeddable":true,"href":"https:\/\/hogarcentrovictorvargas.com\/index.php?rest_route=\/wp\/v2\/media\/1436"}],"wp:attachment":[{"href":"https:\/\/hogarcentrovictorvargas.com\/index.php?rest_route=%2Fwp%2Fv2%2Fmedia&parent=1435"}],"wp:term":[{"taxonomy":"pwb-brand","embeddable":true,"href":"https:\/\/hogarcentrovictorvargas.com\/index.php?rest_route=%2Fwp%2Fv2%2Fpwb-brand&post=1435"}],"curies":[{"name":"wp","href":"https:\/\/api.w.org\/{rel}","templated":true}]}}