{"id":1449,"date":"2025-03-19T22:39:59","date_gmt":"2025-03-19T22:39:59","guid":{"rendered":"https:\/\/hogarcentrovictorvargas.com\/?post_type=product&#038;p=1449"},"modified":"2025-03-19T22:59:44","modified_gmt":"2025-03-19T22:59:44","slug":"refri-sansung-sxs-22cf-rs22a5561s9-inox","status":"publish","type":"product","link":"https:\/\/hogarcentrovictorvargas.com\/?product=refri-sansung-sxs-22cf-rs22a5561s9-inox","title":{"rendered":"REFRI SANSUNG SXS 22CF RS22A5561S9 INOX"},"content":{"rendered":"<div class=\"ast-oembed-container\"><iframe loading=\"lazy\" title=\"Family Hub | M\u00e1s que una heladera\" width=\"500\" height=\"281\" src=\"https:\/\/www.youtube.com\/embed\/XDcfP14gqGk?feature=oembed\" frameborder=\"0\" allow=\"accelerometer; autoplay; clipboard-write; encrypted-media; gyroscope; picture-in-picture; web-share\" referrerpolicy=\"strict-origin-when-cross-origin\" allowfullscreen><\/iframe><\/div>\n","protected":false},"excerpt":{"rendered":"<div class=\"elementor-element elementor-element-09772f5 elementor-widget elementor-widget-woocommerce-product-content\" data-id=\"09772f5\" data-element_type=\"widget\" data-widget_type=\"woocommerce-product-content.default\">\n<div class=\"elementor-widget-container\">\n<h4>Caracter\u00edsticas:<\/h4>\n<ul>\n<li><strong>Family HUB:<\/strong><br \/>\nPodr\u00e1s compartir mensajes, fotos, videos. Tambi\u00e9n se puede ver televisi\u00f3n o usar tus aplicaciones favoritas desde tu tel\u00e9fono inteligente.<\/li>\n<li><strong>Tablero familiar:<\/strong><br \/>\nSimplemente debes usar la pantalla de inicio o tu tel\u00e9fono inteligente y se sincronizar\u00e1 con Family Hub.<\/li>\n<li><strong>Actualizaci\u00f3n de entradas y eventos:<\/strong><br \/>\nAdem\u00e1s, puedes actualizar las entradas en el refrigerador o desde un tel\u00e9fono inteligente y sincronizar los eventos con los calendarios de Google y Microsoft 365. \u00a1No te olvidar\u00e1s de las fechas importantes!<\/li>\n<li><strong>Escucha tus canciones favoritas:<\/strong><br \/>\nEscucha tus canciones o listas de reproducci\u00f3n favoritas sin interrupciones con Spotify. Tambi\u00e9n puedes transmitir de forma ininterrumpida estaciones de radio globales, noticias, podcasts y programas de comedia con TuneIn.<\/li>\n<li><strong>Visualizaci\u00f3n del contenido del refrigerador:<\/strong><br \/>\nPodr\u00e1s ver lo que hay en el refrigerador en cualquier momento y en cualquier lugar desde tu tel\u00e9fono inteligente.<\/li>\n<li><strong>Hogar m\u00e1s inteligente con SmartThings:<\/strong><br \/>\nConvierte tu hogar en un hogar m\u00e1s inteligente muy f\u00e1cilmente con SmartThings. Solo usa tu voz o un simple toque en la pantalla principal de tu refrigerador.<\/li>\n<li><strong>Conectividad Bluetooth:<\/strong><br \/>\nRecibe llamadas telef\u00f3nicas con manos libres.<\/li>\n<li><strong>Dise\u00f1o perfecto, armonioso y elegante:<\/strong><br \/>\nUn dise\u00f1o que combina perfectamente, es armonioso y elegante.<\/li>\n<li><strong>DIT (ahorro de energ\u00eda + durabilidad):<\/strong><br \/>\nIncorpora la tecnolog\u00eda DIT para un ahorro de energ\u00eda y mayor durabilidad.<\/li>\n<\/ul>\n<p class=\"linea\">\n<p>&nbsp;<\/p>\n<table class=\"tabla-garantias\">\n<tbody>\n<tr>\n<td><strong>Garant\u00eda:<\/strong><\/td>\n<td>1 a\u00f1o desde la compra<\/td>\n<\/tr>\n<\/tbody>\n<\/table>\n<p class=\"linea\">\n<\/div>\n<\/div>\n<div class=\"elementor-element elementor-element-2302359 elementor-widget elementor-widget-woocommerce-product-additional-information\" data-id=\"2302359\" data-element_type=\"widget\" data-widget_type=\"woocommerce-product-additional-information.default\">\n<div class=\"elementor-widget-container\">\n<table class=\"woocommerce-product-attributes shop_attributes\" aria-label=\"Product Details\">\n<tbody>\n<tr class=\"woocommerce-product-attributes-item woocommerce-product-attributes-item--weight\">\n<th class=\"woocommerce-product-attributes-item__label\" scope=\"row\">Peso<\/th>\n<td class=\"woocommerce-product-attributes-item__value\">117 kg<\/td>\n<\/tr>\n<\/tbody>\n<\/table>\n<\/div>\n<\/div>\n","protected":false},"featured_media":1450,"comment_status":"open","ping_status":"closed","template":"","meta":[],"pwb-brand":[69],"class_list":{"0":"post-1449","1":"product","2":"type-product","3":"status-publish","4":"has-post-thumbnail","6":"pwb-brand-samsung","7":"product_cat-refrigeracion","8":"product_cat-refrigeradoras","10":"first","11":"instock","12":"shipping-taxable","13":"product-type-simple"},"brands":[{"id":69,"name":"SAMSUNG","slug":"samsung"}],"_links":{"self":[{"href":"https:\/\/hogarcentrovictorvargas.com\/index.php?rest_route=\/wp\/v2\/product\/1449","targetHints":{"allow":["GET"]}}],"collection":[{"href":"https:\/\/hogarcentrovictorvargas.com\/index.php?rest_route=\/wp\/v2\/product"}],"about":[{"href":"https:\/\/hogarcentrovictorvargas.com\/index.php?rest_route=\/wp\/v2\/types\/product"}],"replies":[{"embeddable":true,"href":"https:\/\/hogarcentrovictorvargas.com\/index.php?rest_route=%2Fwp%2Fv2%2Fcomments&post=1449"}],"wp:featuredmedia":[{"embeddable":true,"href":"https:\/\/hogarcentrovictorvargas.com\/index.php?rest_route=\/wp\/v2\/media\/1450"}],"wp:attachment":[{"href":"https:\/\/hogarcentrovictorvargas.com\/index.php?rest_route=%2Fwp%2Fv2%2Fmedia&parent=1449"}],"wp:term":[{"taxonomy":"pwb-brand","embeddable":true,"href":"https:\/\/hogarcentrovictorvargas.com\/index.php?rest_route=%2Fwp%2Fv2%2Fpwb-brand&post=1449"}],"curies":[{"name":"wp","href":"https:\/\/api.w.org\/{rel}","templated":true}]}}