{"id":1503,"date":"2025-03-21T16:38:42","date_gmt":"2025-03-21T16:38:42","guid":{"rendered":"https:\/\/hogarcentrovictorvargas.com\/?post_type=product&#038;p=1503"},"modified":"2025-03-21T16:38:42","modified_gmt":"2025-03-21T16:38:42","slug":"tv-led-panasonic-32p-tc-32js500l","status":"publish","type":"product","link":"https:\/\/hogarcentrovictorvargas.com\/?product=tv-led-panasonic-32p-tc-32js500l","title":{"rendered":"TV LED PANASONIC 32P TC-32JS500L"},"content":{"rendered":"<h2 class=\"product_title entry-title elementor-heading-title elementor-size-default\"><em>Panasonic \u2013 Pantalla 32\u2033 LED HD Smart TV<\/em><\/h2>\n","protected":false},"excerpt":{"rendered":"<h4>Caracter\u00edsticas:<\/h4>\n<ul>\n<li><strong>Calidad de imagen superior:<\/strong> Produce im\u00e1genes de detalles deslumbrantes con una reproducci\u00f3n precisa de escenas claras, con tonos de piel naturales y correcci\u00f3n autom\u00e1tica de color.<\/li>\n<li><strong>Sonido de alta calidad:<\/strong> El altavoz de Panasonic proporciona un sonido altamente din\u00e1mico, el cual le permite brindar una calidad de audio realista en deportes, pel\u00edculas, m\u00fasica y otros contenidos.<\/li>\n<li><strong>Bluetooth Audio Link:<\/strong> Disfruta de la mejor experiencia de sonido en casa con Bluetooth\u00ae Audio Link. Conecta tu equipo de sonido o aud\u00edfonos inal\u00e1mbricos a tu televisor para una mayor experiencia de sonido. Tambi\u00e9n te permite reproducir m\u00fasica desde tu tel\u00e9fono y otros dispositivos inteligentes en los altavoces del televisor.<\/li>\n<li><strong>Navegador de internet:<\/strong> Navega en internet con la misma comodidad que cuando miras la televisi\u00f3n. La pantalla grande y las im\u00e1genes de alta definici\u00f3n hacen que incluso las p\u00e1ginas detalladas sean f\u00e1ciles de visualizar y permite que todos los miembros de la familia, desde los ni\u00f1os hasta los abuelos disfruten.<\/li>\n<\/ul>\n<p class=\"linea\">\n","protected":false},"featured_media":1504,"comment_status":"open","ping_status":"closed","template":"","meta":[],"pwb-brand":[53],"class_list":{"0":"post-1503","1":"product","2":"type-product","3":"status-publish","4":"has-post-thumbnail","6":"pwb-brand-panasonic","7":"product_cat-pantallas","9":"first","10":"instock","11":"shipping-taxable","12":"product-type-simple"},"brands":[{"id":53,"name":"PANASONIC","slug":"panasonic"}],"_links":{"self":[{"href":"https:\/\/hogarcentrovictorvargas.com\/index.php?rest_route=\/wp\/v2\/product\/1503","targetHints":{"allow":["GET"]}}],"collection":[{"href":"https:\/\/hogarcentrovictorvargas.com\/index.php?rest_route=\/wp\/v2\/product"}],"about":[{"href":"https:\/\/hogarcentrovictorvargas.com\/index.php?rest_route=\/wp\/v2\/types\/product"}],"replies":[{"embeddable":true,"href":"https:\/\/hogarcentrovictorvargas.com\/index.php?rest_route=%2Fwp%2Fv2%2Fcomments&post=1503"}],"wp:featuredmedia":[{"embeddable":true,"href":"https:\/\/hogarcentrovictorvargas.com\/index.php?rest_route=\/wp\/v2\/media\/1504"}],"wp:attachment":[{"href":"https:\/\/hogarcentrovictorvargas.com\/index.php?rest_route=%2Fwp%2Fv2%2Fmedia&parent=1503"}],"wp:term":[{"taxonomy":"pwb-brand","embeddable":true,"href":"https:\/\/hogarcentrovictorvargas.com\/index.php?rest_route=%2Fwp%2Fv2%2Fpwb-brand&post=1503"}],"curies":[{"name":"wp","href":"https:\/\/api.w.org\/{rel}","templated":true}]}}