{"id":1507,"date":"2025-03-21T17:13:32","date_gmt":"2025-03-21T17:13:32","guid":{"rendered":"https:\/\/hogarcentrovictorvargas.com\/?post_type=product&#038;p=1507"},"modified":"2025-03-21T17:13:32","modified_gmt":"2025-03-21T17:13:32","slug":"cocina-vitroc-samsung-30pd-ne63a6311ss","status":"publish","type":"product","link":"https:\/\/hogarcentrovictorvargas.com\/?product=cocina-vitroc-samsung-30pd-ne63a6311ss","title":{"rendered":"COCINA VITROC SAMSUNG 30PD NE63A6311SS"},"content":{"rendered":"<div style=\"width: 640px;\" class=\"wp-video\"><video class=\"wp-video-shortcode\" id=\"video-1507-1\" width=\"640\" height=\"360\" preload=\"metadata\" controls=\"controls\"><source type=\"video\/mp4\" src=\"https:\/\/images.samsung.com\/is\/content\/samsung\/p6pim\/latin\/ne63a6311ss-aa\/gallery\/latin-ne5000a--ne63a6311ss-ne63a6311ss\/aa-video-401231204.mp4?_=1\" \/><a href=\"https:\/\/images.samsung.com\/is\/content\/samsung\/p6pim\/latin\/ne63a6311ss-aa\/gallery\/latin-ne5000a--ne63a6311ss-ne63a6311ss\/aa-video-401231204.mp4\">https:\/\/images.samsung.com\/is\/content\/samsung\/p6pim\/latin\/ne63a6311ss-aa\/gallery\/latin-ne5000a--ne63a6311ss-ne63a6311ss\/aa-video-401231204.mp4<\/a><\/video><\/div>\n","protected":false},"excerpt":{"rendered":"<div class=\"wpb_column vc_column_container vc_col-sm-6 et-dark-column\">\n<div class=\"vc_column-inner\">\n<div class=\"wpb_wrapper\">\n<div class=\"wpb_text_column wpb_content_element  \">\n<div class=\"wpb_wrapper\">\n<ul>\n<li>Modelo: NE63A6311SS\/AA.<\/li>\n<li>5 Quemadores.<\/li>\n<li>\u00dasalo con SmartThings.<\/li>\n<li>Cocci\u00f3n de primera calidad, m\u00e1s duradera.<\/li>\n<li>Cocina cualquier cosa m\u00e1s r\u00e1pido y con mayor precisi\u00f3n.<\/li>\n<li>Cocina mucho m\u00e1s en un horno m\u00e1s grande.<\/li>\n<li>Dise\u00f1o de acero inoxidable de primera calidad.<\/li>\n<li>Rapid Boil de 3300 V con anafe flexible (6\u2033\/9\u2033).<\/li>\n<li>Autolimpieza.<\/li>\n<li>Limpieza a vapor.<\/li>\n<li>Horno de gran capacidad (6,3 pies c\u00fabicos).<\/li>\n<li>Control de voz y wifi.<\/li>\n<li>SmartThings Cooking.<\/li>\n<li>Acabado resistente a las huellas dactilares.<\/li>\n<\/ul>\n<\/div>\n<\/div>\n<\/div>\n<\/div>\n<\/div>\n","protected":false},"featured_media":1508,"comment_status":"open","ping_status":"closed","template":"","meta":[],"pwb-brand":[69],"class_list":{"0":"post-1507","1":"product","2":"type-product","3":"status-publish","4":"has-post-thumbnail","6":"pwb-brand-samsung","7":"product_cat-cocinas-electricas","9":"first","10":"instock","11":"shipping-taxable","12":"product-type-simple"},"brands":[{"id":69,"name":"SAMSUNG","slug":"samsung"}],"_links":{"self":[{"href":"https:\/\/hogarcentrovictorvargas.com\/index.php?rest_route=\/wp\/v2\/product\/1507","targetHints":{"allow":["GET"]}}],"collection":[{"href":"https:\/\/hogarcentrovictorvargas.com\/index.php?rest_route=\/wp\/v2\/product"}],"about":[{"href":"https:\/\/hogarcentrovictorvargas.com\/index.php?rest_route=\/wp\/v2\/types\/product"}],"replies":[{"embeddable":true,"href":"https:\/\/hogarcentrovictorvargas.com\/index.php?rest_route=%2Fwp%2Fv2%2Fcomments&post=1507"}],"wp:featuredmedia":[{"embeddable":true,"href":"https:\/\/hogarcentrovictorvargas.com\/index.php?rest_route=\/wp\/v2\/media\/1508"}],"wp:attachment":[{"href":"https:\/\/hogarcentrovictorvargas.com\/index.php?rest_route=%2Fwp%2Fv2%2Fmedia&parent=1507"}],"wp:term":[{"taxonomy":"pwb-brand","embeddable":true,"href":"https:\/\/hogarcentrovictorvargas.com\/index.php?rest_route=%2Fwp%2Fv2%2Fpwb-brand&post=1507"}],"curies":[{"name":"wp","href":"https:\/\/api.w.org\/{rel}","templated":true}]}}