{"id":1514,"date":"2025-03-21T20:46:28","date_gmt":"2025-03-21T20:46:28","guid":{"rendered":"https:\/\/hogarcentrovictorvargas.com\/?post_type=product&#038;p=1514"},"modified":"2025-03-21T20:47:34","modified_gmt":"2025-03-21T20:47:34","slug":"horno-freidor-aire-b-deker-to3265xss-la","status":"publish","type":"product","link":"https:\/\/hogarcentrovictorvargas.com\/?product=horno-freidor-aire-b-deker-to3265xss-la","title":{"rendered":"HORNO FREIDOR AIRE B-DEKER TO3265XSS-LA"},"content":{"rendered":"<h3 class=\"prod-header\"><em>Horno de Fre\u00edr y Hornea Extra Ancho<\/em><\/h3>\n<div class=\"ast-oembed-container\"><iframe loading=\"lazy\" title=\"BLACK+DECKER\u2122 Fr\u00ede y Hornea con tecnolog\u00eda para fre\u00edr saludable\" width=\"500\" height=\"281\" src=\"https:\/\/www.youtube.com\/embed\/M_f3yKA6XaI?feature=oembed\" frameborder=\"0\" allow=\"accelerometer; autoplay; clipboard-write; encrypted-media; gyroscope; picture-in-picture; web-share\" referrerpolicy=\"strict-origin-when-cross-origin\" allowfullscreen><\/iframe><\/div>\n","protected":false},"excerpt":{"rendered":"<h4 class=\"attr-header\">Especificaciones<\/h4>\n<ul>\n<li>1500 Watts<\/li>\n<li>Tecnolog\u00eda de convenci\u00f3n: Aumenta la velocidad y la uniformidad<\/li>\n<li>Tecnolog\u00eda para fre\u00edr saludable: Aire caliente de gran intensidad hornea, dora, y concina crujiente con poco o nada de aceite<\/li>\n<li>Reloj autom\u00e1tico de 60 minutos con opci\u00f3n de funcionamiento contin\u00fao<\/li>\n<li>5 Funciones: Fre\u00edr con Aire, Hornea, Tuesta, Asa, Mantiene Caliente<\/li>\n<li>Acomoda una pizza de 12\u201d o una bandeja con asas para hornear de 9&#8243; x 13&#8243;<\/li>\n<li>Incluye cesta de fre\u00edr con aire, bandeja para hornera, y parrilla de asar<\/li>\n<li>Bandeja de residuos removable<\/li>\n<li>Capacidad: 30 L<\/li>\n<li>Capacidad de resistencia a resistencia: 21 L<\/li>\n<\/ul>\n","protected":false},"featured_media":1515,"comment_status":"open","ping_status":"closed","template":"","meta":[],"pwb-brand":[38],"class_list":{"0":"post-1514","1":"product","2":"type-product","3":"status-publish","4":"has-post-thumbnail","6":"pwb-brand-black-and-decker","7":"product_cat-tostadores","9":"first","10":"instock","11":"shipping-taxable","12":"product-type-simple"},"brands":[{"id":38,"name":"BLACK AND DECKER","slug":"black-and-decker"}],"_links":{"self":[{"href":"https:\/\/hogarcentrovictorvargas.com\/index.php?rest_route=\/wp\/v2\/product\/1514","targetHints":{"allow":["GET"]}}],"collection":[{"href":"https:\/\/hogarcentrovictorvargas.com\/index.php?rest_route=\/wp\/v2\/product"}],"about":[{"href":"https:\/\/hogarcentrovictorvargas.com\/index.php?rest_route=\/wp\/v2\/types\/product"}],"replies":[{"embeddable":true,"href":"https:\/\/hogarcentrovictorvargas.com\/index.php?rest_route=%2Fwp%2Fv2%2Fcomments&post=1514"}],"wp:featuredmedia":[{"embeddable":true,"href":"https:\/\/hogarcentrovictorvargas.com\/index.php?rest_route=\/wp\/v2\/media\/1515"}],"wp:attachment":[{"href":"https:\/\/hogarcentrovictorvargas.com\/index.php?rest_route=%2Fwp%2Fv2%2Fmedia&parent=1514"}],"wp:term":[{"taxonomy":"pwb-brand","embeddable":true,"href":"https:\/\/hogarcentrovictorvargas.com\/index.php?rest_route=%2Fwp%2Fv2%2Fpwb-brand&post=1514"}],"curies":[{"name":"wp","href":"https:\/\/api.w.org\/{rel}","templated":true}]}}