{"id":1573,"date":"2025-03-27T20:59:21","date_gmt":"2025-03-27T20:59:21","guid":{"rendered":"https:\/\/hogarcentrovictorvargas.com\/?post_type=product&#038;p=1573"},"modified":"2025-04-01T19:39:09","modified_gmt":"2025-04-01T19:39:09","slug":"notebook-hp-corei3-14-8gb-256gb-dq5009la","status":"publish","type":"product","link":"https:\/\/hogarcentrovictorvargas.com\/?product=notebook-hp-corei3-14-8gb-256gb-dq5009la","title":{"rendered":"NOTEBOOK HP COREi3 14 8GB 256GB DQ5009lA"},"content":{"rendered":"<h2 class=\"font-semibold mb-6 text-black description-section-header text-lg\">Caracter\u00edsticas<\/h2>\n<div class=\"description-section-content \">\n<div class=\"overflow-visible\">\n<h6>\u00a0General<\/h6>\n<table dir=\"ltr\" cellspacing=\"0\" cellpadding=\"0\">\n<colgroup>\n<col width=\"200\" \/>\n<col width=\"200\" \/> <\/colgroup>\n<tbody>\n<tr>\n<td data-sheets-value=\"{&quot;1&quot;:2,&quot;2&quot;:&quot;Tama\\u00f1o pantalla&quot;}\">Tama\u00f1o pantalla<\/td>\n<td data-sheets-value=\"{&quot;1&quot;:2,&quot;2&quot;:&quot;14\\&quot; HD BrightView con retroiluminaci\\u00f3n LED&quot;}\">\n<div>14&#8243;<\/div>\n<\/td>\n<\/tr>\n<tr>\n<td data-sheets-value=\"{&quot;1&quot;:2,&quot;2&quot;:&quot;Resoluci\\u00f3n pantalla&quot;}\">Resoluci\u00f3n pantalla<\/td>\n<td data-sheets-value=\"{&quot;1&quot;:2,&quot;2&quot;:&quot;1366 x 768 Brightwiew&quot;}\">HD 1366 x 768<\/td>\n<\/tr>\n<tr>\n<td data-sheets-value=\"{&quot;1&quot;:2,&quot;2&quot;:&quot;Procesador&quot;}\">N\u00famero de parte<\/td>\n<td data-sheets-value=\"{&quot;1&quot;:2,&quot;2&quot;:&quot;APU AMD Dual-Core E1-6015 con gr\\u00e1ficos Radeon R2 (1,4 GHz, 1 MB de cach\\u00e9)&quot;}\">A47CRLA#ABM<\/td>\n<\/tr>\n<tr>\n<td data-sheets-value=\"{&quot;1&quot;:2,&quot;2&quot;:&quot;Procesador&quot;}\">Procesador<\/td>\n<td data-sheets-value=\"{&quot;1&quot;:2,&quot;2&quot;:&quot;APU AMD Dual-Core E1-6015 con gr\\u00e1ficos Radeon R2 (1,4 GHz, 1 MB de cach\\u00e9)&quot;}\">\n<p class=\"value\">ntel\u00ae Core\u2122 i3-1215U (hasta 4,4 GHz con tecnolog\u00eda Intel\u00ae Turbo Boost, 10 MB de cach\u00e9 L3, 6 n\u00facleos y 8\u00a0<span class=\"m-text-nowrap\">subprocesos)<\/span><\/p>\n<\/td>\n<\/tr>\n<tr>\n<td data-sheets-value=\"{&quot;1&quot;:2,&quot;2&quot;:&quot;RAM&quot;}\">Memoria<\/td>\n<td data-sheets-value=\"{&quot;1&quot;:2,&quot;2&quot;:&quot;4 GB&quot;}\">8 GB de RAM DDR4-3200 MHz (1 x 8 GB)<\/td>\n<\/tr>\n<tr>\n<td data-sheets-value=\"{&quot;1&quot;:2,&quot;2&quot;:&quot;Disco duro&quot;}\">Almacenamiento<\/td>\n<td data-sheets-value=\"{&quot;1&quot;:2,&quot;2&quot;:&quot;SATA de 500 GB, 5400 rpm&quot;}\">Unidad de estado s\u00f3lido de 512 GB PCIe\u00ae NVMe\u2122 M.2<\/td>\n<\/tr>\n<tr>\n<td data-sheets-value=\"{&quot;1&quot;:2,&quot;2&quot;:&quot;Disco duro&quot;}\">Gr\u00e1ficos<\/td>\n<td data-sheets-value=\"{&quot;1&quot;:2,&quot;2&quot;:&quot;SATA de 500 GB, 5400 rpm&quot;}\">Integradas,\u00a0Gr\u00e1ficos Intel\u00ae UHD<\/td>\n<\/tr>\n<tr>\n<td>Conexi\u00f3n Inal\u00e1mbrica<\/td>\n<td>Tarjeta inal\u00e1mbrica Realtek Wi-Fi 6 (2&#215;2) y Bluetooth\u00ae 5.3 (compatible con velocidad de datos de\u00a0<span class=\"m-text-nowrap\">Gigabit)<\/span><\/td>\n<\/tr>\n<\/tbody>\n<\/table>\n<p>&nbsp;<\/p>\n<h6>M\u00e1s detalles espec\u00edficos<\/h6>\n<table dir=\"ltr\" cellspacing=\"0\" cellpadding=\"0\">\n<colgroup>\n<col width=\"200\" \/>\n<col width=\"200\" \/> <\/colgroup>\n<tbody>\n<tr>\n<td data-sheets-value=\"{&quot;1&quot;:2,&quot;2&quot;:&quot;Marca&quot;}\">Marca<\/td>\n<td data-sheets-value=\"{&quot;1&quot;:2,&quot;2&quot;:&quot;HP&quot;}\">HP<\/td>\n<\/tr>\n<tr>\n<td data-sheets-value=\"{&quot;1&quot;:2,&quot;2&quot;:&quot;Marca&quot;}\">Serie<\/td>\n<td data-sheets-value=\"{&quot;1&quot;:2,&quot;2&quot;:&quot;HP&quot;}\">14-EP0027LA<\/td>\n<\/tr>\n<tr>\n<td data-sheets-value=\"{&quot;1&quot;:2,&quot;2&quot;:&quot;Sistema operativo&quot;}\">Sistema operativo<\/td>\n<td data-sheets-value=\"{&quot;1&quot;:2,&quot;2&quot;:&quot;Windows 10 Home 64&quot;}\">Windows 11 Home Single Language<\/td>\n<\/tr>\n<tr>\n<td data-sheets-value=\"{&quot;1&quot;:2,&quot;2&quot;:&quot;Peso &quot;}\">Peso<\/td>\n<td data-sheets-value=\"{&quot;1&quot;:2,&quot;2&quot;:&quot;2 kg&quot;}\">1.4 kg<\/td>\n<\/tr>\n<tr>\n<td data-sheets-value=\"{&quot;1&quot;:2,&quot;2&quot;:&quot;Peso &quot;}\">Dimensiones (ancho x profundidad x alto)<\/td>\n<td data-sheets-value=\"{&quot;1&quot;:2,&quot;2&quot;:&quot;2 kg&quot;}\">32,37 x 21,5 x 1,79 cm (frente); 32,37 x 21,5 x 3,25 cm (parte trasera)<\/td>\n<\/tr>\n<tr>\n<td data-sheets-value=\"{&quot;1&quot;:2,&quot;2&quot;:&quot;Color&quot;}\">Color<\/td>\n<td data-sheets-value=\"{&quot;1&quot;:2,&quot;2&quot;:&quot;Negra&quot;}\">Plateado natural<\/td>\n<\/tr>\n<tr>\n<td data-sheets-value=\"{&quot;1&quot;:2,&quot;2&quot;:&quot;Tipo de memoria&quot;}\">Tipo de memoria<\/td>\n<td data-sheets-value=\"{&quot;1&quot;:2,&quot;2&quot;:&quot;SDRAM DDR3L&quot;}\">DDR4-3200 MHz<\/td>\n<\/tr>\n<tr>\n<td data-sheets-value=\"{&quot;1&quot;:2,&quot;2&quot;:&quot;Tipo de memoria&quot;}\">Procesador<\/td>\n<td data-sheets-value=\"{&quot;1&quot;:2,&quot;2&quot;:&quot;SDRAM DDR3L&quot;}\">Intel\u00ae Core\u2122 i3-1215U<\/td>\n<\/tr>\n<tr>\n<td data-sheets-value=\"{&quot;1&quot;:2,&quot;2&quot;:&quot;Tipo de memoria&quot;}\">N\u00facleos<\/td>\n<td data-sheets-value=\"{&quot;1&quot;:2,&quot;2&quot;:&quot;SDRAM DDR3L&quot;}\">6<\/td>\n<\/tr>\n<tr>\n<td data-sheets-value=\"{&quot;1&quot;:2,&quot;2&quot;:&quot;Puertos&quot;}\">Puertos<\/td>\n<td data-sheets-value=\"{&quot;1&quot;:2,&quot;2&quot;:&quot;1 USB 3.0\\n2 USB 2.0\\n1 HDMI\\n1 VGA\\n1 RJ-45\\n1 combo de auriculares\/micr\\u00f3fono\\n1 lector de tarjetas SD multiformato&quot;}\">1 USB Tipo-C\u00ae con velocidad de se\u00f1alizaci\u00f3n de 5 Gb\/s (admite solo transferencia de datos y no admite carga o monitores externos); 2 USB Tipo-A con velocidad de se\u00f1alizaci\u00f3n de 5 Gb\/s; 1 conector inteligente de CA; 1 HDMI 1.4b; 1 combinaci\u00f3n de aud\u00edfonos\/micr\u00f3fono<\/td>\n<\/tr>\n<tr>\n<td data-sheets-value=\"{&quot;1&quot;:2,&quot;2&quot;:&quot;Bater\\u00eda&quot;}\">Funciones de audio<\/td>\n<td data-sheets-value=\"{&quot;1&quot;:2,&quot;2&quot;:&quot;Bater\\u00eda de pol\\u00edmero de iones de litio de 2,8 Ah, 31 Wh y 3 celdas&quot;}\">Dos altavoces<\/td>\n<\/tr>\n<tr>\n<td data-sheets-value=\"{&quot;1&quot;:2,&quot;2&quot;:&quot;Bater\\u00eda&quot;}\">C\u00e1mara<\/td>\n<td data-sheets-value=\"{&quot;1&quot;:2,&quot;2&quot;:&quot;Bater\\u00eda de pol\\u00edmero de iones de litio de 2,8 Ah, 31 Wh y 3 celdas&quot;}\">C\u00e1mara HP True Vision 720p HD con reducci\u00f3n de ruido temporal y micr\u00f3fonos digitales de matriz dual\u00a0<span class=\"m-text-nowrap\">integrados<\/span><\/td>\n<\/tr>\n<tr>\n<td data-sheets-value=\"{&quot;1&quot;:2,&quot;2&quot;:&quot;Bater\\u00eda&quot;}\">Dispositivo apuntador<\/td>\n<td data-sheets-value=\"{&quot;1&quot;:2,&quot;2&quot;:&quot;Bater\\u00eda de pol\\u00edmero de iones de litio de 2,8 Ah, 31 Wh y 3 celdas&quot;}\">HP Imagepad<\/td>\n<\/tr>\n<tr>\n<td>Teclado<\/td>\n<td>Teclado gris suave de tama\u00f1o completo<\/td>\n<\/tr>\n<tr>\n<td data-sheets-value=\"{&quot;1&quot;:2,&quot;2&quot;:&quot;Bater\\u00eda&quot;}\">Alimentaci\u00f3n<\/td>\n<td data-sheets-value=\"{&quot;1&quot;:2,&quot;2&quot;:&quot;Bater\\u00eda de pol\\u00edmero de iones de litio de 2,8 Ah, 31 Wh y 3 celdas&quot;}\">Adaptador de alimentaci\u00f3n de CA inteligente de 45 W<\/td>\n<\/tr>\n<tr>\n<td data-sheets-value=\"{&quot;1&quot;:2,&quot;2&quot;:&quot;Bater\\u00eda&quot;}\">Bater\u00eda<\/td>\n<td data-sheets-value=\"{&quot;1&quot;:2,&quot;2&quot;:&quot;Bater\\u00eda de pol\\u00edmero de iones de litio de 2,8 Ah, 31 Wh y 3 celdas&quot;}\">Bater\u00eda de pol\u00edmero de iones de litio de 3\u00a0celdas y 41\u00a0Wh<\/td>\n<\/tr>\n<tr>\n<td data-sheets-value=\"{&quot;1&quot;:2,&quot;2&quot;:&quot;Bater\\u00eda&quot;}\">Tiempo de recarga de la bater\u00eda<\/td>\n<td data-sheets-value=\"{&quot;1&quot;:2,&quot;2&quot;:&quot;Bater\\u00eda de pol\\u00edmero de iones de litio de 2,8 Ah, 31 Wh y 3 celdas&quot;}\">Admite carga r\u00e1pida de la bater\u00eda: aproximadamente un 50 % en 45\u00a0<span class=\"m-text-nowrap\">minutos<\/span><\/td>\n<\/tr>\n<\/tbody>\n<\/table>\n<\/div>\n<\/div>\n","protected":false},"excerpt":{"rendered":"<h3 class=\"font-semibold mb-6 text-black description-section-header text-lg\"><em>Descripci\u00f3n<\/em><\/h3>\n<div class=\"description-section-content \">\n<div class=\"overflow-visible\">\n<ul>\n<li>Pantalla de 14&#8243; HD<\/li>\n<li>Procesador Intel\u00ae Core\u2122 i3-1215U<\/li>\n<li>Memoria RAM 8 GB<\/li>\n<li>Unidad en estado s\u00f3lido de 512 GB<\/li>\n<li>\n<p class=\"value\">Windows 11 Home Single Language<\/p>\n<\/li>\n<\/ul>\n<\/div>\n<\/div>\n","protected":false},"featured_media":1574,"comment_status":"open","ping_status":"closed","template":"","meta":[],"pwb-brand":[168],"class_list":{"0":"post-1573","1":"product","2":"type-product","3":"status-publish","4":"has-post-thumbnail","6":"pwb-brand-hp","7":"product_cat-tecnologia","9":"first","10":"instock","11":"shipping-taxable","12":"product-type-simple"},"brands":[{"id":168,"name":"HP","slug":"hp"}],"_links":{"self":[{"href":"https:\/\/hogarcentrovictorvargas.com\/index.php?rest_route=\/wp\/v2\/product\/1573","targetHints":{"allow":["GET"]}}],"collection":[{"href":"https:\/\/hogarcentrovictorvargas.com\/index.php?rest_route=\/wp\/v2\/product"}],"about":[{"href":"https:\/\/hogarcentrovictorvargas.com\/index.php?rest_route=\/wp\/v2\/types\/product"}],"replies":[{"embeddable":true,"href":"https:\/\/hogarcentrovictorvargas.com\/index.php?rest_route=%2Fwp%2Fv2%2Fcomments&post=1573"}],"wp:featuredmedia":[{"embeddable":true,"href":"https:\/\/hogarcentrovictorvargas.com\/index.php?rest_route=\/wp\/v2\/media\/1574"}],"wp:attachment":[{"href":"https:\/\/hogarcentrovictorvargas.com\/index.php?rest_route=%2Fwp%2Fv2%2Fmedia&parent=1573"}],"wp:term":[{"taxonomy":"pwb-brand","embeddable":true,"href":"https:\/\/hogarcentrovictorvargas.com\/index.php?rest_route=%2Fwp%2Fv2%2Fpwb-brand&post=1573"}],"curies":[{"name":"wp","href":"https:\/\/api.w.org\/{rel}","templated":true}]}}