{"id":1661,"date":"2025-04-24T15:20:32","date_gmt":"2025-04-24T15:20:32","guid":{"rendered":"https:\/\/hogarcentrovictorvargas.com\/?post_type=product&#038;p=1661"},"modified":"2025-04-24T15:20:32","modified_gmt":"2025-04-24T15:20:32","slug":"refri-telstar-sbs-trx470510hm-16p-inox","status":"publish","type":"product","link":"https:\/\/hogarcentrovictorvargas.com\/?product=refri-telstar-sbs-trx470510hm-16p-inox","title":{"rendered":"REFRI TELSTAR SBS TRX470510HM 16P INOX"},"content":{"rendered":"<h2 class=\"product_title entry-title\"><em>Refrigeradora Side by Side Telstar 16CP TRX470510HM Dispensador<\/em><\/h2>\n","protected":false},"excerpt":{"rendered":"<p>16 Pies c\u00fabicos.<\/p>\n<p><strong>\u00bb <\/strong>Dispensador de agua.<\/p>\n<p><strong>\u00bb<\/strong> Smart Inverter<\/p>\n<p><strong>\u00bb<\/strong> Puertas con doble insulaci\u00f3n.<\/p>\n<p><strong>\u00bb<\/strong> Panel de control digital con luz Led.<\/p>\n<p><strong>\u00bb<\/strong> Flujo m\u00faltiple de aire.<\/p>\n<p><strong>\u00bb<\/strong> Funci\u00f3n de r\u00e1pido enfriamiento y congelaci\u00f3n.<\/p>\n<p><strong>\u00bb<\/strong> Bandejas con protecci\u00f3n de derrames.<\/p>\n","protected":false},"featured_media":1662,"comment_status":"open","ping_status":"closed","template":"","meta":[],"pwb-brand":[26],"class_list":{"0":"post-1661","1":"product","2":"type-product","3":"status-publish","4":"has-post-thumbnail","6":"pwb-brand-telstar","7":"product_cat-refrigeradoras","9":"first","10":"instock","11":"shipping-taxable","12":"product-type-simple"},"brands":[{"id":26,"name":"TELSTAR","slug":"telstar"}],"_links":{"self":[{"href":"https:\/\/hogarcentrovictorvargas.com\/index.php?rest_route=\/wp\/v2\/product\/1661","targetHints":{"allow":["GET"]}}],"collection":[{"href":"https:\/\/hogarcentrovictorvargas.com\/index.php?rest_route=\/wp\/v2\/product"}],"about":[{"href":"https:\/\/hogarcentrovictorvargas.com\/index.php?rest_route=\/wp\/v2\/types\/product"}],"replies":[{"embeddable":true,"href":"https:\/\/hogarcentrovictorvargas.com\/index.php?rest_route=%2Fwp%2Fv2%2Fcomments&post=1661"}],"wp:featuredmedia":[{"embeddable":true,"href":"https:\/\/hogarcentrovictorvargas.com\/index.php?rest_route=\/wp\/v2\/media\/1662"}],"wp:attachment":[{"href":"https:\/\/hogarcentrovictorvargas.com\/index.php?rest_route=%2Fwp%2Fv2%2Fmedia&parent=1661"}],"wp:term":[{"taxonomy":"pwb-brand","embeddable":true,"href":"https:\/\/hogarcentrovictorvargas.com\/index.php?rest_route=%2Fwp%2Fv2%2Fpwb-brand&post=1661"}],"curies":[{"name":"wp","href":"https:\/\/api.w.org\/{rel}","templated":true}]}}