{"id":1750,"date":"2025-08-25T20:45:26","date_gmt":"2025-08-25T20:45:26","guid":{"rendered":"https:\/\/hogarcentrovictorvargas.com\/?post_type=product&#038;p=1750"},"modified":"2025-08-25T20:56:42","modified_gmt":"2025-08-25T20:56:42","slug":"olla-de-presion-monix-4903-8-l-plateado","status":"publish","type":"product","link":"https:\/\/hogarcentrovictorvargas.com\/?product=olla-de-presion-monix-4903-8-l-plateado","title":{"rendered":"Olla de presi\u00f3n Monix 4903 8 l Plateado"},"content":{"rendered":"<h2 class=\"page-title\"><em><span class=\"base\" data-ui-id=\"page-title-wrapper\">Olla de Presi\u00f3n Monix 8 Litros Acero Inoxidable<\/span><\/em><\/h2>\n","protected":false},"excerpt":{"rendered":"<p><em>Cierre en forma de yugo permite presio\u0301n uniforme a lo largo de todo el empaque. Va\u0301lvula de funcionamiento. Va\u0301lvula de seguridad (Se activa autom\u00e1ticamente en caso de obstrucci\u00f3n de la v\u00e1lvula de funcionamiento). Orificios en la tapa permiten que el empaque reviente en caso de acumulaci\u00f3n de presi\u00f3n y el vapor sea expulsado. Funciona con cualquier tipo de cocina, inclusive inducci\u00f3n.<\/em><\/p>\n","protected":false},"featured_media":1752,"comment_status":"open","ping_status":"closed","template":"","meta":[],"pwb-brand":[79],"class_list":{"0":"post-1750","1":"product","2":"type-product","3":"status-publish","4":"has-post-thumbnail","6":"pwb-brand-monix","7":"product_cat-presion","9":"first","10":"instock","11":"shipping-taxable","12":"product-type-simple"},"brands":[{"id":79,"name":"MONIX","slug":"monix"}],"_links":{"self":[{"href":"https:\/\/hogarcentrovictorvargas.com\/index.php?rest_route=\/wp\/v2\/product\/1750","targetHints":{"allow":["GET"]}}],"collection":[{"href":"https:\/\/hogarcentrovictorvargas.com\/index.php?rest_route=\/wp\/v2\/product"}],"about":[{"href":"https:\/\/hogarcentrovictorvargas.com\/index.php?rest_route=\/wp\/v2\/types\/product"}],"replies":[{"embeddable":true,"href":"https:\/\/hogarcentrovictorvargas.com\/index.php?rest_route=%2Fwp%2Fv2%2Fcomments&post=1750"}],"wp:featuredmedia":[{"embeddable":true,"href":"https:\/\/hogarcentrovictorvargas.com\/index.php?rest_route=\/wp\/v2\/media\/1752"}],"wp:attachment":[{"href":"https:\/\/hogarcentrovictorvargas.com\/index.php?rest_route=%2Fwp%2Fv2%2Fmedia&parent=1750"}],"wp:term":[{"taxonomy":"pwb-brand","embeddable":true,"href":"https:\/\/hogarcentrovictorvargas.com\/index.php?rest_route=%2Fwp%2Fv2%2Fpwb-brand&post=1750"}],"curies":[{"name":"wp","href":"https:\/\/api.w.org\/{rel}","templated":true}]}}