{"id":1757,"date":"2025-08-25T21:24:36","date_gmt":"2025-08-25T21:24:36","guid":{"rendered":"https:\/\/hogarcentrovictorvargas.com\/?post_type=product&#038;p=1757"},"modified":"2025-08-25T21:24:53","modified_gmt":"2025-08-25T21:24:53","slug":"escritorio-computo","status":"publish","type":"product","link":"https:\/\/hogarcentrovictorvargas.com\/?product=escritorio-computo","title":{"rendered":"ESCRITORIO COMPUTO"},"content":{"rendered":"<h2 class=\"product_title entry-title\"><em>Escritorio con estantes OM-2128<\/em><\/h2>\n<p>&nbsp;<\/p>\n<p><em>Este hermoso y compacto escritorio multiusos cuenta con un estilo tipo oficina adem\u00e1s de tener una armaz\u00f3n met\u00e1lica y base de melamina en color madera r\u00fastica.<\/em><\/p>\n","protected":false},"excerpt":{"rendered":"<ul>\n<li><em>Tama\u00f1o: altura 138cm x ancho 121 cm.<\/em><\/li>\n<li><em>Estructura metalica.<\/em><\/li>\n<li><em>Estante de 3 espacios.<\/em><\/li>\n<li><em>Base superior en melamina.<\/em><\/li>\n<li><em>Estilo oficina.<\/em><\/li>\n<li><em>Requiere instalaci\u00f3n.<\/em><\/li>\n<li><em>Fotos ilustrativas, solo incluye el escritorio.<\/em><\/li>\n<\/ul>\n","protected":false},"featured_media":1755,"comment_status":"open","ping_status":"closed","template":"","meta":[],"pwb-brand":[123],"class_list":{"0":"post-1757","1":"product","2":"type-product","3":"status-publish","4":"has-post-thumbnail","6":"pwb-brand-tauca","7":"product_cat-escritorios","9":"first","10":"instock","11":"shipping-taxable","12":"product-type-simple"},"brands":[{"id":123,"name":"TAUCA","slug":"tauca"}],"_links":{"self":[{"href":"https:\/\/hogarcentrovictorvargas.com\/index.php?rest_route=\/wp\/v2\/product\/1757","targetHints":{"allow":["GET"]}}],"collection":[{"href":"https:\/\/hogarcentrovictorvargas.com\/index.php?rest_route=\/wp\/v2\/product"}],"about":[{"href":"https:\/\/hogarcentrovictorvargas.com\/index.php?rest_route=\/wp\/v2\/types\/product"}],"replies":[{"embeddable":true,"href":"https:\/\/hogarcentrovictorvargas.com\/index.php?rest_route=%2Fwp%2Fv2%2Fcomments&post=1757"}],"wp:featuredmedia":[{"embeddable":true,"href":"https:\/\/hogarcentrovictorvargas.com\/index.php?rest_route=\/wp\/v2\/media\/1755"}],"wp:attachment":[{"href":"https:\/\/hogarcentrovictorvargas.com\/index.php?rest_route=%2Fwp%2Fv2%2Fmedia&parent=1757"}],"wp:term":[{"taxonomy":"pwb-brand","embeddable":true,"href":"https:\/\/hogarcentrovictorvargas.com\/index.php?rest_route=%2Fwp%2Fv2%2Fpwb-brand&post=1757"}],"curies":[{"name":"wp","href":"https:\/\/api.w.org\/{rel}","templated":true}]}}