{"id":231,"date":"2020-05-04T00:19:57","date_gmt":"2020-05-04T00:19:57","guid":{"rendered":"https:\/\/hogarcentrovictorvargas.com\/?post_type=product&#038;p=231"},"modified":"2022-04-20T19:38:10","modified_gmt":"2022-04-20T19:38:10","slug":"plancha-para-cabello-remington-pro-luxe-s-9100","status":"publish","type":"product","link":"https:\/\/hogarcentrovictorvargas.com\/?product=plancha-para-cabello-remington-pro-luxe-s-9100","title":{"rendered":"PLANCHA PARA CABELLO REMINGTON PRO LUXE S-9100"},"content":{"rendered":"<p>Caracter\u00edsticas :<\/p>\n<p>Gracias a la tecnolog\u00eda OPTIheat que permite fijar los peinados para que duren todo el d\u00eda, podr\u00e1s lucir un look perfecto y un cabello con aspecto sano ya que en una pasada tu cabello obtendr\u00e1 resultados superiores manteni\u00e9ndolo liso durante todo el d\u00eda hasta la noche.<\/p>\n<p>Las placas de la alisadora Pro Therma-Luxe cuentan con 10 veces m\u00e1s cer\u00e1mica que te dejar\u00e1 el cabello 5 veces m\u00e1s suave**<\/p>\n<p>No dejes que tu cabello te frene; consigue estupendos peinados que duran 24 horas y se adaptan a tu estilo de vida imparable. Los peinados duran m\u00e1s y mantienen su aspecto liso durante todo el d\u00eda y hasta la noche solo con Pro Therma-Luxe.<\/p>\n<p>Ajuste de temperatura definitivo<br \/>\nLa tecnolog\u00eda inteligente OPTIHeat de Remington garantiza que el calor se dirija all\u00ed donde m\u00e1s se necesita al canalizarlo hacia las ra\u00edces, m\u00e1s gruesas, y alejarlo de donde podr\u00eda resultar da\u00f1ino.<\/p>\n","protected":false},"excerpt":{"rendered":"<p>Caracter\u00edsticas : Gracias a la tecnolog\u00eda OPTIheat que permite fijar los peinados para que duren todo el d\u00eda, podr\u00e1s lucir un look perfecto y un cabello con aspecto sano ya que en una pasada tu cabello obtendr\u00e1 resultados superiores manteni\u00e9ndolo liso durante todo el d\u00eda hasta la noche. Las placas de la alisadora Pro Therma-Luxe &hellip;<\/p>\n<p class=\"read-more\"> <a class=\"\" href=\"https:\/\/hogarcentrovictorvargas.com\/?product=plancha-para-cabello-remington-pro-luxe-s-9100\"> <span class=\"screen-reader-text\">PLANCHA PARA CABELLO REMINGTON PRO LUXE S-9100<\/span> Leer m\u00e1s &raquo;<\/a><\/p>\n","protected":false},"featured_media":963,"comment_status":"open","ping_status":"closed","template":"","meta":[],"pwb-brand":[36],"class_list":{"0":"post-231","1":"product","2":"type-product","3":"status-publish","4":"has-post-thumbnail","6":"pwb-brand-remington","7":"product_cat-hogar","9":"first","10":"instock","11":"shipping-taxable","12":"product-type-simple"},"brands":[{"id":36,"name":"REMINGTON","slug":"remington"}],"_links":{"self":[{"href":"https:\/\/hogarcentrovictorvargas.com\/index.php?rest_route=\/wp\/v2\/product\/231","targetHints":{"allow":["GET"]}}],"collection":[{"href":"https:\/\/hogarcentrovictorvargas.com\/index.php?rest_route=\/wp\/v2\/product"}],"about":[{"href":"https:\/\/hogarcentrovictorvargas.com\/index.php?rest_route=\/wp\/v2\/types\/product"}],"replies":[{"embeddable":true,"href":"https:\/\/hogarcentrovictorvargas.com\/index.php?rest_route=%2Fwp%2Fv2%2Fcomments&post=231"}],"wp:featuredmedia":[{"embeddable":true,"href":"https:\/\/hogarcentrovictorvargas.com\/index.php?rest_route=\/wp\/v2\/media\/963"}],"wp:attachment":[{"href":"https:\/\/hogarcentrovictorvargas.com\/index.php?rest_route=%2Fwp%2Fv2%2Fmedia&parent=231"}],"wp:term":[{"taxonomy":"pwb-brand","embeddable":true,"href":"https:\/\/hogarcentrovictorvargas.com\/index.php?rest_route=%2Fwp%2Fv2%2Fpwb-brand&post=231"}],"curies":[{"name":"wp","href":"https:\/\/api.w.org\/{rel}","templated":true}]}}