{"id":346,"date":"2020-05-04T03:06:41","date_gmt":"2020-05-04T03:06:41","guid":{"rendered":"https:\/\/hogarcentrovictorvargas.com\/?post_type=product&#038;p=346"},"modified":"2022-04-20T19:26:57","modified_gmt":"2022-04-20T19:26:57","slug":"pantalla-lg-43lk5700psc","status":"publish","type":"product","link":"https:\/\/hogarcentrovictorvargas.com\/?product=pantalla-lg-43lk5700psc","title":{"rendered":"PANTALLA LG 43 SMART TV"},"content":{"rendered":"<div class=\"improve-info-key-feature\">\n<h2 class=\"key-feature-title\">Caracter\u00edsticas Principales<\/h2>\n<div class=\"key-feature-list\">\n<ul>\n<li>Full HD 1080P<\/li>\n<li>Color Din\u00e1mico<\/li>\n<li>La esencia de una imagen aut\u00e9ntica<\/li>\n<li>Alto Rango Din\u00e1mico activo para una escena real<\/li>\n<li>Sonido Virtual Envolvente<\/li>\n<li>Entretenimiento envolvente para el hogar<\/li>\n<\/ul>\n<\/div>\n<\/div>\n<div class=\"improve-info-siblings\">\n<div class=\"info-siblings-box sizes\">\n<h2 class=\"siblings-title\">Tama\u00f1os\u00a0Disponibles:<\/h2>\n<p><span class=\"siblings-size-name\" data-sub-model-info=\"size\">43&#8243;<\/span><\/p>\n<\/div>\n<\/div>\n","protected":false},"excerpt":{"rendered":"<p>Caracter\u00edsticas Principales Full HD 1080P Color Din\u00e1mico La esencia de una imagen aut\u00e9ntica Alto Rango Din\u00e1mico activo para una escena real Sonido Virtual Envolvente Entretenimiento envolvente para el hogar Tama\u00f1os\u00a0Disponibles: 43&#8243;<\/p>\n","protected":false},"featured_media":635,"comment_status":"open","ping_status":"closed","template":"","meta":[],"pwb-brand":[16],"class_list":{"0":"post-346","1":"product","2":"type-product","3":"status-publish","4":"has-post-thumbnail","6":"pwb-brand-lg","7":"product_cat-audio-y-video","9":"first","10":"instock","11":"shipping-taxable","12":"purchasable","13":"product-type-simple"},"brands":[{"id":16,"name":"LG","slug":"lg"}],"_links":{"self":[{"href":"https:\/\/hogarcentrovictorvargas.com\/index.php?rest_route=\/wp\/v2\/product\/346","targetHints":{"allow":["GET"]}}],"collection":[{"href":"https:\/\/hogarcentrovictorvargas.com\/index.php?rest_route=\/wp\/v2\/product"}],"about":[{"href":"https:\/\/hogarcentrovictorvargas.com\/index.php?rest_route=\/wp\/v2\/types\/product"}],"replies":[{"embeddable":true,"href":"https:\/\/hogarcentrovictorvargas.com\/index.php?rest_route=%2Fwp%2Fv2%2Fcomments&post=346"}],"wp:featuredmedia":[{"embeddable":true,"href":"https:\/\/hogarcentrovictorvargas.com\/index.php?rest_route=\/wp\/v2\/media\/635"}],"wp:attachment":[{"href":"https:\/\/hogarcentrovictorvargas.com\/index.php?rest_route=%2Fwp%2Fv2%2Fmedia&parent=346"}],"wp:term":[{"taxonomy":"pwb-brand","embeddable":true,"href":"https:\/\/hogarcentrovictorvargas.com\/index.php?rest_route=%2Fwp%2Fv2%2Fpwb-brand&post=346"}],"curies":[{"name":"wp","href":"https:\/\/api.w.org\/{rel}","templated":true}]}}