{"id":348,"date":"2020-05-04T03:09:48","date_gmt":"2020-05-04T03:09:48","guid":{"rendered":"https:\/\/hogarcentrovictorvargas.com\/?post_type=product&#038;p=348"},"modified":"2025-03-20T17:52:53","modified_gmt":"2025-03-20T17:52:53","slug":"lavadora-lg-wt17wsb-2","status":"publish","type":"product","link":"https:\/\/hogarcentrovictorvargas.com\/?product=lavadora-lg-wt17wsb-2","title":{"rendered":"LAVADORA LG WT17WSB"},"content":{"rendered":"<p>La lavadora LG modelo WT17WSB con tecnolog\u00eda INVERTER que te ayuda a ahorrar energ\u00eda el\u00e9ctrica.<\/p>\n<p>Cuenta con 10 ciclos de lavado, 3 niveles de temperatura y 10 niveles de agua que puedes configurar desde su panel digital; su tambor con sistema TurboDrum te ayuda a cuidar los tejidos, mientras su dispensador de blanqueador, detergente y suavizante hace autom\u00e1tico el proceso de lavado.<\/p>\n","protected":false},"excerpt":{"rendered":"<p>La lavadora LG modelo WT17WSB con tecnolog\u00eda INVERTER que te ayuda a ahorrar energ\u00eda el\u00e9ctrica. Cuenta con 10 ciclos de lavado, 3 niveles de temperatura y 10 niveles de agua que puedes configurar desde su panel digital; su tambor con sistema TurboDrum te ayuda a cuidar los tejidos, mientras su dispensador de blanqueador, detergente y &hellip;<\/p>\n<p class=\"read-more\"> <a class=\"\" href=\"https:\/\/hogarcentrovictorvargas.com\/?product=lavadora-lg-wt17wsb-2\"> <span class=\"screen-reader-text\">LAVADORA LG WT17WSB<\/span> Leer m\u00e1s &raquo;<\/a><\/p>\n","protected":false},"featured_media":741,"comment_status":"open","ping_status":"closed","template":"","meta":[],"pwb-brand":[16],"class_list":{"0":"post-348","1":"product","2":"type-product","3":"status-publish","4":"has-post-thumbnail","6":"pwb-brand-lg","7":"product_cat-lavadoras-secadoras","8":"product_cat-linea-blanca","10":"first","11":"instock","12":"shipping-taxable","13":"product-type-simple"},"brands":[{"id":16,"name":"LG","slug":"lg"}],"_links":{"self":[{"href":"https:\/\/hogarcentrovictorvargas.com\/index.php?rest_route=\/wp\/v2\/product\/348","targetHints":{"allow":["GET"]}}],"collection":[{"href":"https:\/\/hogarcentrovictorvargas.com\/index.php?rest_route=\/wp\/v2\/product"}],"about":[{"href":"https:\/\/hogarcentrovictorvargas.com\/index.php?rest_route=\/wp\/v2\/types\/product"}],"replies":[{"embeddable":true,"href":"https:\/\/hogarcentrovictorvargas.com\/index.php?rest_route=%2Fwp%2Fv2%2Fcomments&post=348"}],"wp:featuredmedia":[{"embeddable":true,"href":"https:\/\/hogarcentrovictorvargas.com\/index.php?rest_route=\/wp\/v2\/media\/741"}],"wp:attachment":[{"href":"https:\/\/hogarcentrovictorvargas.com\/index.php?rest_route=%2Fwp%2Fv2%2Fmedia&parent=348"}],"wp:term":[{"taxonomy":"pwb-brand","embeddable":true,"href":"https:\/\/hogarcentrovictorvargas.com\/index.php?rest_route=%2Fwp%2Fv2%2Fpwb-brand&post=348"}],"curies":[{"name":"wp","href":"https:\/\/api.w.org\/{rel}","templated":true}]}}