{"id":488,"date":"2020-05-05T03:26:20","date_gmt":"2020-05-05T03:26:20","guid":{"rendered":"https:\/\/hogarcentrovictorvargas.com\/?post_type=product&#038;p=488"},"modified":"2022-04-19T17:22:31","modified_gmt":"2022-04-19T17:22:31","slug":"barra-sonido-aiwaawsbh1","status":"publish","type":"product","link":"https:\/\/hogarcentrovictorvargas.com\/?product=barra-sonido-aiwaawsbh1","title":{"rendered":"BARRA SONIDO AIWAAWSBH1"},"content":{"rendered":"<ul>\n<li>Barra de sonido Bluetooth 2.0 canales.<\/li>\n<li>Puerto USB para reproducci\u00f3n directa de MP3.<\/li>\n<li>Altavoces de 2&#8243; 10 W X 4 y 2 radiadores pasivos para un sonido n\u00edtido y claro con graves profundos.<\/li>\n<li>Amplificador de 2.0 canales incorporado con 6 pre-ajustes de ecualizaci\u00f3n.<\/li>\n<li>Pantalla LED para opciones de entrada vers\u00e1tiles.<\/li>\n<li>Entrada RCA.<\/li>\n<li>Entrada auxiliar: 3.5 mm.<\/li>\n<li>Potencia: 40 W.<\/li>\n<li>Fuente de alimentaci\u00f3n: 19 V 1.5A.<\/li>\n<li>Elegante y atractivo dise\u00f1o negro brillante.<\/li>\n<li>Dimensiones: 940 x 60 x 66 mm.<\/li>\n<\/ul>\n","protected":false},"excerpt":{"rendered":"<p>Barra de sonido Bluetooth 2.0 canales. Puerto USB para reproducci\u00f3n directa de MP3. Altavoces de 2&#8243; 10 W X 4 y 2 radiadores pasivos para un sonido n\u00edtido y claro con graves profundos. Amplificador de 2.0 canales incorporado con 6 pre-ajustes de ecualizaci\u00f3n. Pantalla LED para opciones de entrada vers\u00e1tiles. Entrada RCA. Entrada auxiliar: 3.5 &hellip;<\/p>\n<p class=\"read-more\"> <a class=\"\" href=\"https:\/\/hogarcentrovictorvargas.com\/?product=barra-sonido-aiwaawsbh1\"> <span class=\"screen-reader-text\">BARRA SONIDO AIWAAWSBH1<\/span> Leer m\u00e1s &raquo;<\/a><\/p>\n","protected":false},"featured_media":721,"comment_status":"open","ping_status":"closed","template":"","meta":[],"pwb-brand":[55],"class_list":{"0":"post-488","1":"product","2":"type-product","3":"status-publish","4":"has-post-thumbnail","6":"pwb-brand-aiwa","7":"product_cat-audio-y-video","9":"first","10":"instock","11":"shipping-taxable","12":"product-type-simple"},"brands":[{"id":55,"name":"AIWA","slug":"aiwa"}],"_links":{"self":[{"href":"https:\/\/hogarcentrovictorvargas.com\/index.php?rest_route=\/wp\/v2\/product\/488","targetHints":{"allow":["GET"]}}],"collection":[{"href":"https:\/\/hogarcentrovictorvargas.com\/index.php?rest_route=\/wp\/v2\/product"}],"about":[{"href":"https:\/\/hogarcentrovictorvargas.com\/index.php?rest_route=\/wp\/v2\/types\/product"}],"replies":[{"embeddable":true,"href":"https:\/\/hogarcentrovictorvargas.com\/index.php?rest_route=%2Fwp%2Fv2%2Fcomments&post=488"}],"wp:featuredmedia":[{"embeddable":true,"href":"https:\/\/hogarcentrovictorvargas.com\/index.php?rest_route=\/wp\/v2\/media\/721"}],"wp:attachment":[{"href":"https:\/\/hogarcentrovictorvargas.com\/index.php?rest_route=%2Fwp%2Fv2%2Fmedia&parent=488"}],"wp:term":[{"taxonomy":"pwb-brand","embeddable":true,"href":"https:\/\/hogarcentrovictorvargas.com\/index.php?rest_route=%2Fwp%2Fv2%2Fpwb-brand&post=488"}],"curies":[{"name":"wp","href":"https:\/\/api.w.org\/{rel}","templated":true}]}}