{"id":496,"date":"2020-05-05T03:31:25","date_gmt":"2020-05-05T03:31:25","guid":{"rendered":"https:\/\/hogarcentrovictorvargas.com\/?post_type=product&#038;p=496"},"modified":"2025-04-03T16:57:40","modified_gmt":"2025-04-03T16:57:40","slug":"batidora-black-and-decker-mx900r","status":"publish","type":"product","link":"https:\/\/hogarcentrovictorvargas.com\/?product=batidora-black-and-decker-mx900r","title":{"rendered":"BATIDORA BLACK AND DECKER MX900R"},"content":{"rendered":"<p>Batidora MX900 Black and Decker de pedestal multiusos, Convertible f\u00e1cilmente a manual, 5 velocidades, recipientes de vidrio y de pl\u00e1stico de 3.5 litros con asas en forma de boquilla para f\u00e1cil servido, dos juegos de aspas, dise\u00f1o ergon\u00f3mico, 250 Watts.<\/p>\n<p>&nbsp;<\/p>\n","protected":false},"excerpt":{"rendered":"<p>Batidora MX900 Black and Decker de pedestal multiusos, Convertible f\u00e1cilmente a manual, 5 velocidades, recipientes de vidrio y de pl\u00e1stico de 3.5 litros con asas en forma de boquilla para f\u00e1cil servido, dos juegos de aspas, dise\u00f1o ergon\u00f3mico, 250 Watts. &nbsp;<\/p>\n","protected":false},"featured_media":589,"comment_status":"open","ping_status":"closed","template":"","meta":[],"pwb-brand":[38],"class_list":{"0":"post-496","1":"product","2":"type-product","3":"status-publish","4":"has-post-thumbnail","6":"pwb-brand-black-and-decker","7":"product_cat-batidoras","8":"product_cat-electrodomesticos","10":"first","11":"instock","12":"shipping-taxable","13":"product-type-simple"},"brands":[{"id":38,"name":"BLACK AND DECKER","slug":"black-and-decker"}],"_links":{"self":[{"href":"https:\/\/hogarcentrovictorvargas.com\/index.php?rest_route=\/wp\/v2\/product\/496","targetHints":{"allow":["GET"]}}],"collection":[{"href":"https:\/\/hogarcentrovictorvargas.com\/index.php?rest_route=\/wp\/v2\/product"}],"about":[{"href":"https:\/\/hogarcentrovictorvargas.com\/index.php?rest_route=\/wp\/v2\/types\/product"}],"replies":[{"embeddable":true,"href":"https:\/\/hogarcentrovictorvargas.com\/index.php?rest_route=%2Fwp%2Fv2%2Fcomments&post=496"}],"wp:featuredmedia":[{"embeddable":true,"href":"https:\/\/hogarcentrovictorvargas.com\/index.php?rest_route=\/wp\/v2\/media\/589"}],"wp:attachment":[{"href":"https:\/\/hogarcentrovictorvargas.com\/index.php?rest_route=%2Fwp%2Fv2%2Fmedia&parent=496"}],"wp:term":[{"taxonomy":"pwb-brand","embeddable":true,"href":"https:\/\/hogarcentrovictorvargas.com\/index.php?rest_route=%2Fwp%2Fv2%2Fpwb-brand&post=496"}],"curies":[{"name":"wp","href":"https:\/\/api.w.org\/{rel}","templated":true}]}}