{"id":512,"date":"2020-05-05T03:47:03","date_gmt":"2020-05-05T03:47:03","guid":{"rendered":"https:\/\/hogarcentrovictorvargas.com\/?post_type=product&#038;p=512"},"modified":"2022-04-19T19:04:24","modified_gmt":"2022-04-19T19:04:24","slug":"cafetera-proctor-silex-k4090","status":"publish","type":"product","link":"https:\/\/hogarcentrovictorvargas.com\/?product=cafetera-proctor-silex-k4090","title":{"rendered":"CAFETERA PROCTOR SILEX K4090"},"content":{"rendered":"<div class=\"row\">\n<div class=\"small-12 columns\">\n<div class=\"row features-tab\">\n<div class=\"small-11 columns header\">Caracteristicas<\/div>\n<div class=\"small-1 columns plus click_icon\"><span class=\"plus_icon\">&#8211;<\/span><\/div>\n<\/div>\n<\/div>\n<\/div>\n<div class=\"row content\">\n<div class=\"small-11 columns features\">\n<ul>\n<li>El hervidor inal\u00e1mbrico se levanta de la base para verter sin cables<\/li>\n<li>M\u00e1s r\u00e1pido que un microondas, m\u00e1s seguro que un hervidor de estufa<\/li>\n<li>Apagado autom\u00e1tico<\/li>\n<li>Protecci\u00f3n contra ebullici\u00f3n<\/li>\n<li>Ventanas dobles de agua<\/li>\n<li>Elemento calefactor de 1500 vatios<\/li>\n<li>Interruptor encendido \/ apagado iluminado con apagado autom\u00e1tico cuando el agua hierve<\/li>\n<\/ul>\n<\/div>\n<\/div>\n","protected":false},"excerpt":{"rendered":"<p>Caracteristicas &#8211; El hervidor inal\u00e1mbrico se levanta de la base para verter sin cables M\u00e1s r\u00e1pido que un microondas, m\u00e1s seguro que un hervidor de estufa Apagado autom\u00e1tico Protecci\u00f3n contra ebullici\u00f3n Ventanas dobles de agua Elemento calefactor de 1500 vatios Interruptor encendido \/ apagado iluminado con apagado autom\u00e1tico cuando el agua hierve<\/p>\n","protected":false},"featured_media":908,"comment_status":"open","ping_status":"closed","template":"","meta":[],"pwb-brand":[57],"class_list":{"0":"post-512","1":"product","2":"type-product","3":"status-publish","4":"has-post-thumbnail","6":"pwb-brand-proctor-silex","7":"product_cat-electrodomesticos","9":"first","10":"instock","11":"shipping-taxable","12":"product-type-simple"},"brands":[{"id":57,"name":"PROCTOR SILEX","slug":"proctor-silex"}],"_links":{"self":[{"href":"https:\/\/hogarcentrovictorvargas.com\/index.php?rest_route=\/wp\/v2\/product\/512","targetHints":{"allow":["GET"]}}],"collection":[{"href":"https:\/\/hogarcentrovictorvargas.com\/index.php?rest_route=\/wp\/v2\/product"}],"about":[{"href":"https:\/\/hogarcentrovictorvargas.com\/index.php?rest_route=\/wp\/v2\/types\/product"}],"replies":[{"embeddable":true,"href":"https:\/\/hogarcentrovictorvargas.com\/index.php?rest_route=%2Fwp%2Fv2%2Fcomments&post=512"}],"wp:featuredmedia":[{"embeddable":true,"href":"https:\/\/hogarcentrovictorvargas.com\/index.php?rest_route=\/wp\/v2\/media\/908"}],"wp:attachment":[{"href":"https:\/\/hogarcentrovictorvargas.com\/index.php?rest_route=%2Fwp%2Fv2%2Fmedia&parent=512"}],"wp:term":[{"taxonomy":"pwb-brand","embeddable":true,"href":"https:\/\/hogarcentrovictorvargas.com\/index.php?rest_route=%2Fwp%2Fv2%2Fpwb-brand&post=512"}],"curies":[{"name":"wp","href":"https:\/\/api.w.org\/{rel}","templated":true}]}}