{"id":541,"date":"2020-05-07T02:37:50","date_gmt":"2020-05-07T02:37:50","guid":{"rendered":"https:\/\/hogarcentrovictorvargas.com\/?post_type=product&#038;p=541"},"modified":"2022-04-19T19:56:23","modified_gmt":"2022-04-19T19:56:23","slug":"extractor-de-jugos-black-and-decker-jmbd3181","status":"publish","type":"product","link":"https:\/\/hogarcentrovictorvargas.com\/?product=extractor-de-jugos-black-and-decker-jmbd3181","title":{"rendered":"EXTRACTOR DE JUGOS  BLACK AND DECKER JMBD3181"},"content":{"rendered":"<div class=\"col-xs-12 col-sm-7\">\n<div>Si eres nuevo en el mundo de los licuados y te interesa algo que sea f\u00e1cil de usar, la exprimidora de Black+Decker es perfecta para ti. Es la forma m\u00e1s r\u00e1pida y sencilla de que t\u00fa y los tuyos disfrut\u00e9is de todos los beneficios para la salud de los zumos reci\u00e9n hechos; y todo con solo pulsar un bot\u00f3n.<\/div>\n<\/div>\n<div class=\"col-xs-12 col-sm-5\">\n<h4 class=\"attr-header\">Especificaciones<\/h4>\n<ul>\n<li>500 watts<\/li>\n<li>2 velocidades<\/li>\n<li>Jarra de jugo<\/li>\n<li>Cuchilla de acero inoxidable<\/li>\n<li>Filtro de pulpa de acero inoxidable<\/li>\n<li>Separador para pulpa de capacidad extra grande<\/li>\n<li>Cierre de seguridad<\/li>\n<li>Guardacable<\/li>\n<\/ul>\n<\/div>\n","protected":false},"excerpt":{"rendered":"<p>Si eres nuevo en el mundo de los licuados y te interesa algo que sea f\u00e1cil de usar, la exprimidora de Black+Decker es perfecta para ti. Es la forma m\u00e1s r\u00e1pida y sencilla de que t\u00fa y los tuyos disfrut\u00e9is de todos los beneficios para la salud de los zumos reci\u00e9n hechos; y todo con &hellip;<\/p>\n<p class=\"read-more\"> <a class=\"\" href=\"https:\/\/hogarcentrovictorvargas.com\/?product=extractor-de-jugos-black-and-decker-jmbd3181\"> <span class=\"screen-reader-text\">EXTRACTOR DE JUGOS  BLACK AND DECKER JMBD3181<\/span> Leer m\u00e1s &raquo;<\/a><\/p>\n","protected":false},"featured_media":601,"comment_status":"open","ping_status":"closed","template":"","meta":[],"pwb-brand":[38],"class_list":{"0":"post-541","1":"product","2":"type-product","3":"status-publish","4":"has-post-thumbnail","6":"pwb-brand-black-and-decker","7":"product_cat-electrodomesticos","9":"first","10":"instock","11":"shipping-taxable","12":"purchasable","13":"product-type-simple"},"brands":[{"id":38,"name":"BLACK AND DECKER","slug":"black-and-decker"}],"_links":{"self":[{"href":"https:\/\/hogarcentrovictorvargas.com\/index.php?rest_route=\/wp\/v2\/product\/541","targetHints":{"allow":["GET"]}}],"collection":[{"href":"https:\/\/hogarcentrovictorvargas.com\/index.php?rest_route=\/wp\/v2\/product"}],"about":[{"href":"https:\/\/hogarcentrovictorvargas.com\/index.php?rest_route=\/wp\/v2\/types\/product"}],"replies":[{"embeddable":true,"href":"https:\/\/hogarcentrovictorvargas.com\/index.php?rest_route=%2Fwp%2Fv2%2Fcomments&post=541"}],"wp:featuredmedia":[{"embeddable":true,"href":"https:\/\/hogarcentrovictorvargas.com\/index.php?rest_route=\/wp\/v2\/media\/601"}],"wp:attachment":[{"href":"https:\/\/hogarcentrovictorvargas.com\/index.php?rest_route=%2Fwp%2Fv2%2Fmedia&parent=541"}],"wp:term":[{"taxonomy":"pwb-brand","embeddable":true,"href":"https:\/\/hogarcentrovictorvargas.com\/index.php?rest_route=%2Fwp%2Fv2%2Fpwb-brand&post=541"}],"curies":[{"name":"wp","href":"https:\/\/api.w.org\/{rel}","templated":true}]}}