{"id":575,"date":"2020-05-08T21:51:59","date_gmt":"2020-05-08T21:51:59","guid":{"rendered":"https:\/\/hogarcentrovictorvargas.com\/?post_type=product&#038;p=575"},"modified":"2022-04-19T19:11:10","modified_gmt":"2022-04-19T19:11:10","slug":"cocina-electrica-grs-20","status":"publish","type":"product","link":"https:\/\/hogarcentrovictorvargas.com\/?product=cocina-electrica-grs-20","title":{"rendered":"COCINA ELECTRICA GRS 20&#8243;"},"content":{"rendered":"<p>Caracter\u00edsticas:<\/p>\n<ul>\n<li>4\u00a0 discos\u00a0 sellados.<\/li>\n<li>Voltaje 220 v<\/li>\n<li>Color Blanca<\/li>\n<li>Termo control para el horno con rango de temperatura<\/li>\n<li>Puerta de doble vidrio panor\u00e1mico tipo espejo<\/li>\n<li>Horno el\u00e9ctrico<\/li>\n<li>Top sellado para f\u00e1cil limpieza<\/li>\n<li>Sistema anti vuelco<\/li>\n<li>Medidas: 59.5 \u00d7 99 \u00d7 59.5 cm<\/li>\n<li>Respaldo de 2 a\u00f1os de garant\u00eda.<\/li>\n<\/ul>\n<p>&nbsp;<\/p>\n","protected":false},"excerpt":{"rendered":"<p>Caracter\u00edsticas: 4\u00a0 discos\u00a0 sellados. Voltaje 220 v Color Blanca Termo control para el horno con rango de temperatura Puerta de doble vidrio panor\u00e1mico tipo espejo Horno el\u00e9ctrico Top sellado para f\u00e1cil limpieza Sistema anti vuelco Medidas: 59.5 \u00d7 99 \u00d7 59.5 cm Respaldo de 2 a\u00f1os de garant\u00eda. &nbsp;<\/p>\n","protected":false},"featured_media":912,"comment_status":"open","ping_status":"closed","template":"","meta":[],"pwb-brand":[61],"class_list":{"0":"post-575","1":"product","2":"type-product","3":"status-publish","4":"has-post-thumbnail","6":"pwb-brand-grs","7":"product_cat-linea-blanca","9":"first","10":"instock","11":"shipping-taxable","12":"product-type-simple"},"brands":[{"id":61,"name":"GRS","slug":"grs"}],"_links":{"self":[{"href":"https:\/\/hogarcentrovictorvargas.com\/index.php?rest_route=\/wp\/v2\/product\/575","targetHints":{"allow":["GET"]}}],"collection":[{"href":"https:\/\/hogarcentrovictorvargas.com\/index.php?rest_route=\/wp\/v2\/product"}],"about":[{"href":"https:\/\/hogarcentrovictorvargas.com\/index.php?rest_route=\/wp\/v2\/types\/product"}],"replies":[{"embeddable":true,"href":"https:\/\/hogarcentrovictorvargas.com\/index.php?rest_route=%2Fwp%2Fv2%2Fcomments&post=575"}],"wp:featuredmedia":[{"embeddable":true,"href":"https:\/\/hogarcentrovictorvargas.com\/index.php?rest_route=\/wp\/v2\/media\/912"}],"wp:attachment":[{"href":"https:\/\/hogarcentrovictorvargas.com\/index.php?rest_route=%2Fwp%2Fv2%2Fmedia&parent=575"}],"wp:term":[{"taxonomy":"pwb-brand","embeddable":true,"href":"https:\/\/hogarcentrovictorvargas.com\/index.php?rest_route=%2Fwp%2Fv2%2Fpwb-brand&post=575"}],"curies":[{"name":"wp","href":"https:\/\/api.w.org\/{rel}","templated":true}]}}