{"id":581,"date":"2020-05-08T22:03:22","date_gmt":"2020-05-08T22:03:22","guid":{"rendered":"https:\/\/hogarcentrovictorvargas.com\/?post_type=product&#038;p=581"},"modified":"2022-04-19T19:11:57","modified_gmt":"2022-04-19T19:11:57","slug":"cocina-electrica-whirpool","status":"publish","type":"product","link":"https:\/\/hogarcentrovictorvargas.com\/?product=cocina-electrica-whirpool","title":{"rendered":"COCINA ELECTRICA WHIRPOOL"},"content":{"rendered":"<p>Cocina el\u00e9ctrica con cubierta antiderrames. Color Acero.<\/p>\n<p>Con asador customizable en horno, timer y opci\u00f3n de horneado programado.<\/p>\n<ul>\n<li>Horneado programable<\/li>\n<li>Funci\u00f3n precalentar<\/li>\n<li>Timer<\/li>\n<\/ul>\n","protected":false},"excerpt":{"rendered":"<p>Cocina el\u00e9ctrica con cubierta antiderrames. Color Acero. Con asador customizable en horno, timer y opci\u00f3n de horneado programado. Horneado programable Funci\u00f3n precalentar Timer<\/p>\n","protected":false},"featured_media":910,"comment_status":"open","ping_status":"closed","template":"","meta":[],"pwb-brand":[47],"class_list":{"0":"post-581","1":"product","2":"type-product","3":"status-publish","4":"has-post-thumbnail","6":"pwb-brand-whirpool","7":"product_cat-linea-blanca","9":"first","10":"instock","11":"shipping-taxable","12":"product-type-simple"},"brands":[{"id":47,"name":"WHIRPOOL","slug":"whirpool"}],"_links":{"self":[{"href":"https:\/\/hogarcentrovictorvargas.com\/index.php?rest_route=\/wp\/v2\/product\/581","targetHints":{"allow":["GET"]}}],"collection":[{"href":"https:\/\/hogarcentrovictorvargas.com\/index.php?rest_route=\/wp\/v2\/product"}],"about":[{"href":"https:\/\/hogarcentrovictorvargas.com\/index.php?rest_route=\/wp\/v2\/types\/product"}],"replies":[{"embeddable":true,"href":"https:\/\/hogarcentrovictorvargas.com\/index.php?rest_route=%2Fwp%2Fv2%2Fcomments&post=581"}],"wp:featuredmedia":[{"embeddable":true,"href":"https:\/\/hogarcentrovictorvargas.com\/index.php?rest_route=\/wp\/v2\/media\/910"}],"wp:attachment":[{"href":"https:\/\/hogarcentrovictorvargas.com\/index.php?rest_route=%2Fwp%2Fv2%2Fmedia&parent=581"}],"wp:term":[{"taxonomy":"pwb-brand","embeddable":true,"href":"https:\/\/hogarcentrovictorvargas.com\/index.php?rest_route=%2Fwp%2Fv2%2Fpwb-brand&post=581"}],"curies":[{"name":"wp","href":"https:\/\/api.w.org\/{rel}","templated":true}]}}