{"id":669,"date":"2020-05-12T17:58:06","date_gmt":"2020-05-12T17:58:06","guid":{"rendered":"https:\/\/hogarcentrovictorvargas.com\/?post_type=product&#038;p=669"},"modified":"2022-04-21T19:51:57","modified_gmt":"2022-04-21T19:51:57","slug":"coffee-maker-hamilton-beach-47380","status":"publish","type":"product","link":"https:\/\/hogarcentrovictorvargas.com\/?product=coffee-maker-hamilton-beach-47380","title":{"rendered":"COFFEE MAKER HAMILTON BEACH 47900"},"content":{"rendered":"<p>CARACTER\u00cdSTICAS<br \/>\nEl fabricante de caf\u00e9 de dispensaci\u00f3n original<br \/>\nCaf\u00e9 de dispensaci\u00f3n de 10 tazas sin una garrafa<br \/>\nPrepare las tazas de caf\u00e9 m\u00faltiples y dispense una taza fresca a la vez<br \/>\nNing\u00fan derrame, ninguna fractura y ning\u00fan sabor quemado del caf\u00e9<br \/>\nEl caf\u00e9 permanece m\u00e1s largo fresco .El calentador que se calienta apacible mantiene la temperatura del caf\u00e9 .<br \/>\nHaga caf\u00e9 la manera que usted tiene siempre, apenas a\u00f1ada el agua, un caf\u00e9 est\u00e1ndar del filtro y molido<br \/>\nReloj programable con cierre autom\u00e1tico de 2 horas<\/p>\n","protected":false},"excerpt":{"rendered":"<p>CARACTER\u00cdSTICAS El fabricante de caf\u00e9 de dispensaci\u00f3n original Caf\u00e9 de dispensaci\u00f3n de 10 tazas sin una garrafa Prepare las tazas de caf\u00e9 m\u00faltiples y dispense una taza fresca a la vez Ning\u00fan derrame, ninguna fractura y ning\u00fan sabor quemado del caf\u00e9 El caf\u00e9 permanece m\u00e1s largo fresco .El calentador que se calienta apacible mantiene la &hellip;<\/p>\n<p class=\"read-more\"> <a class=\"\" href=\"https:\/\/hogarcentrovictorvargas.com\/?product=coffee-maker-hamilton-beach-47380\"> <span class=\"screen-reader-text\">COFFEE MAKER HAMILTON BEACH 47900<\/span> Leer m\u00e1s &raquo;<\/a><\/p>\n","protected":false},"featured_media":1386,"comment_status":"open","ping_status":"closed","template":"","meta":[],"pwb-brand":[41],"class_list":{"0":"post-669","1":"product","2":"type-product","3":"status-publish","4":"has-post-thumbnail","6":"pwb-brand-hamilton-beach","7":"product_cat-electrodomesticos","9":"first","10":"instock","11":"shipping-taxable","12":"purchasable","13":"product-type-simple"},"brands":[{"id":41,"name":"HAMILTON BEACH","slug":"hamilton-beach"}],"_links":{"self":[{"href":"https:\/\/hogarcentrovictorvargas.com\/index.php?rest_route=\/wp\/v2\/product\/669","targetHints":{"allow":["GET"]}}],"collection":[{"href":"https:\/\/hogarcentrovictorvargas.com\/index.php?rest_route=\/wp\/v2\/product"}],"about":[{"href":"https:\/\/hogarcentrovictorvargas.com\/index.php?rest_route=\/wp\/v2\/types\/product"}],"replies":[{"embeddable":true,"href":"https:\/\/hogarcentrovictorvargas.com\/index.php?rest_route=%2Fwp%2Fv2%2Fcomments&post=669"}],"wp:featuredmedia":[{"embeddable":true,"href":"https:\/\/hogarcentrovictorvargas.com\/index.php?rest_route=\/wp\/v2\/media\/1386"}],"wp:attachment":[{"href":"https:\/\/hogarcentrovictorvargas.com\/index.php?rest_route=%2Fwp%2Fv2%2Fmedia&parent=669"}],"wp:term":[{"taxonomy":"pwb-brand","embeddable":true,"href":"https:\/\/hogarcentrovictorvargas.com\/index.php?rest_route=%2Fwp%2Fv2%2Fpwb-brand&post=669"}],"curies":[{"name":"wp","href":"https:\/\/api.w.org\/{rel}","templated":true}]}}