{"id":686,"date":"2020-05-14T19:07:09","date_gmt":"2020-05-14T19:07:09","guid":{"rendered":"https:\/\/hogarcentrovictorvargas.com\/?post_type=product&#038;p=686"},"modified":"2022-04-19T19:32:23","modified_gmt":"2022-04-19T19:32:23","slug":"coffee-maker-premium-pcm599b","status":"publish","type":"product","link":"https:\/\/hogarcentrovictorvargas.com\/?product=coffee-maker-premium-pcm599b","title":{"rendered":"COFFEE MAKER PREMIUM PCM599B"},"content":{"rendered":"<p>Filtro removible, lavable y reutilizable.<br \/>\nJarra de vidrio con capacidad de 8-10 tazas.<br \/>\nPlaca de calentamiento que mantiene el caf\u00e9 caliente autom\u00e1ticamente.<br \/>\nInterruptor de encendido luminoso.<br \/>\nFunci\u00f3n anti-goteo.<br \/>\nTanque de agua transl\u00facido con medidas.<br \/>\nElegante decoraci\u00f3n en acero inoxidable.<br \/>\nCompatible con filtros de papel # 4 tipo cono para cafeteras de 8 a 12 tazas.<\/p>\n","protected":false},"excerpt":{"rendered":"<p>Filtro removible, lavable y reutilizable. Jarra de vidrio con capacidad de 8-10 tazas. Placa de calentamiento que mantiene el caf\u00e9 caliente autom\u00e1ticamente. Interruptor de encendido luminoso. Funci\u00f3n anti-goteo. Tanque de agua transl\u00facido con medidas. Elegante decoraci\u00f3n en acero inoxidable. Compatible con filtros de papel # 4 tipo cono para cafeteras de 8 a 12 tazas.<\/p>\n","protected":false},"featured_media":687,"comment_status":"open","ping_status":"closed","template":"","meta":[],"pwb-brand":[30],"class_list":{"0":"post-686","1":"product","2":"type-product","3":"status-publish","4":"has-post-thumbnail","6":"pwb-brand-premium","7":"product_cat-electrodomesticos","9":"first","10":"instock","11":"shipping-taxable","12":"product-type-simple"},"brands":[{"id":30,"name":"Premium","slug":"premium"}],"_links":{"self":[{"href":"https:\/\/hogarcentrovictorvargas.com\/index.php?rest_route=\/wp\/v2\/product\/686","targetHints":{"allow":["GET"]}}],"collection":[{"href":"https:\/\/hogarcentrovictorvargas.com\/index.php?rest_route=\/wp\/v2\/product"}],"about":[{"href":"https:\/\/hogarcentrovictorvargas.com\/index.php?rest_route=\/wp\/v2\/types\/product"}],"replies":[{"embeddable":true,"href":"https:\/\/hogarcentrovictorvargas.com\/index.php?rest_route=%2Fwp%2Fv2%2Fcomments&post=686"}],"wp:featuredmedia":[{"embeddable":true,"href":"https:\/\/hogarcentrovictorvargas.com\/index.php?rest_route=\/wp\/v2\/media\/687"}],"wp:attachment":[{"href":"https:\/\/hogarcentrovictorvargas.com\/index.php?rest_route=%2Fwp%2Fv2%2Fmedia&parent=686"}],"wp:term":[{"taxonomy":"pwb-brand","embeddable":true,"href":"https:\/\/hogarcentrovictorvargas.com\/index.php?rest_route=%2Fwp%2Fv2%2Fpwb-brand&post=686"}],"curies":[{"name":"wp","href":"https:\/\/api.w.org\/{rel}","templated":true}]}}