{"id":690,"date":"2020-05-14T19:19:53","date_gmt":"2020-05-14T19:19:53","guid":{"rendered":"https:\/\/hogarcentrovictorvargas.com\/?post_type=product&#038;p=690"},"modified":"2022-04-19T15:09:41","modified_gmt":"2022-04-19T15:09:41","slug":"coffee-maker-proctor-silex48524ry","status":"publish","type":"product","link":"https:\/\/hogarcentrovictorvargas.com\/?product=coffee-maker-proctor-silex48524ry","title":{"rendered":"COFFEE MAKER PROCTOR SILEX48524RY"},"content":{"rendered":"<pre id=\"tw-target-text\" class=\"tw-data-text tw-text-large tw-ta\" dir=\"ltr\" data-placeholder=\"Traducci\u00f3n\"><span lang=\"es\">Caracteristicas\r\nCapacidad 12 tazas\r\nFuerza de preparaci\u00f3n ajustable\r\nDise\u00f1o que ahorra espacio con capacidad de tama\u00f1o completo\r\nPausa y servicio autom\u00e1ticos: tome una taza durante el proceso de preparaci\u00f3n.\r\nInterruptor encendido \"encendido\"\r\nVentana de agua<\/span><\/pre>\n","protected":false},"excerpt":{"rendered":"<p>Caracteristicas Capacidad 12 tazas Fuerza de preparaci\u00f3n ajustable Dise\u00f1o que ahorra espacio con capacidad de tama\u00f1o completo Pausa y servicio autom\u00e1ticos: tome una taza durante el proceso de preparaci\u00f3n. Interruptor encendido &#8220;encendido&#8221; Ventana de agua<\/p>\n","protected":false},"featured_media":691,"comment_status":"open","ping_status":"closed","template":"","meta":[],"pwb-brand":[57],"class_list":{"0":"post-690","1":"product","2":"type-product","3":"status-publish","4":"has-post-thumbnail","6":"pwb-brand-proctor-silex","7":"product_cat-electrodomesticos","9":"first","10":"instock","11":"shipping-taxable","12":"purchasable","13":"product-type-simple"},"brands":[{"id":57,"name":"PROCTOR SILEX","slug":"proctor-silex"}],"_links":{"self":[{"href":"https:\/\/hogarcentrovictorvargas.com\/index.php?rest_route=\/wp\/v2\/product\/690","targetHints":{"allow":["GET"]}}],"collection":[{"href":"https:\/\/hogarcentrovictorvargas.com\/index.php?rest_route=\/wp\/v2\/product"}],"about":[{"href":"https:\/\/hogarcentrovictorvargas.com\/index.php?rest_route=\/wp\/v2\/types\/product"}],"replies":[{"embeddable":true,"href":"https:\/\/hogarcentrovictorvargas.com\/index.php?rest_route=%2Fwp%2Fv2%2Fcomments&post=690"}],"wp:featuredmedia":[{"embeddable":true,"href":"https:\/\/hogarcentrovictorvargas.com\/index.php?rest_route=\/wp\/v2\/media\/691"}],"wp:attachment":[{"href":"https:\/\/hogarcentrovictorvargas.com\/index.php?rest_route=%2Fwp%2Fv2%2Fmedia&parent=690"}],"wp:term":[{"taxonomy":"pwb-brand","embeddable":true,"href":"https:\/\/hogarcentrovictorvargas.com\/index.php?rest_route=%2Fwp%2Fv2%2Fpwb-brand&post=690"}],"curies":[{"name":"wp","href":"https:\/\/api.w.org\/{rel}","templated":true}]}}