{"id":757,"date":"2020-05-23T00:40:51","date_gmt":"2020-05-23T00:40:51","guid":{"rendered":"https:\/\/hogarcentrovictorvargas.com\/?post_type=product&#038;p=757"},"modified":"2022-04-19T19:09:55","modified_gmt":"2022-04-19T19:09:55","slug":"cocina-de-gas-whirlpool-wfg505mobs","status":"publish","type":"product","link":"https:\/\/hogarcentrovictorvargas.com\/?product=cocina-de-gas-whirlpool-wfg505mobs","title":{"rendered":"COCINA DE GAS WHIRLPOOL WFG505MOBS"},"content":{"rendered":"<p>Disfrute de la flexibilidad y la eficiencia que necesita para preparar sus comidas\u00a0 y todo lo que se encuentra en el medio con este paquete de 5.1 pies c\u00fabicos. capacidad de gas independiente rango de gas. Los m\u00faltiples quemadores SPEEDHEAT hacen que las tareas de alto calor como la cocci\u00f3n y la freidura sean f\u00e1ciles, mientras que un quemador medio de 8,000 BTU ofrece mayor flexibilidad y espacio para cocinar todos sus platos favoritos. Adem\u00e1s, es f\u00e1cil deslizar ollas y sartenes pesadas a trav\u00e9s de las parrillas continuas de hierro fundido con acabado satinado a la ubicaci\u00f3n de cocci\u00f3n \u00f3ptima.<\/p>\n","protected":false},"excerpt":{"rendered":"<p>Disfrute de la flexibilidad y la eficiencia que necesita para preparar sus comidas\u00a0 y todo lo que se encuentra en el medio con este paquete de 5.1 pies c\u00fabicos. capacidad de gas independiente rango de gas. Los m\u00faltiples quemadores SPEEDHEAT hacen que las tareas de alto calor como la cocci\u00f3n y la freidura sean f\u00e1ciles, &hellip;<\/p>\n<p class=\"read-more\"> <a class=\"\" href=\"https:\/\/hogarcentrovictorvargas.com\/?product=cocina-de-gas-whirlpool-wfg505mobs\"> <span class=\"screen-reader-text\">COCINA DE GAS WHIRLPOOL WFG505MOBS<\/span> Leer m\u00e1s &raquo;<\/a><\/p>\n","protected":false},"featured_media":758,"comment_status":"open","ping_status":"closed","template":"","meta":[],"pwb-brand":[47],"class_list":{"0":"post-757","1":"product","2":"type-product","3":"status-publish","4":"has-post-thumbnail","6":"pwb-brand-whirpool","7":"product_cat-linea-blanca","9":"first","10":"instock","11":"shipping-taxable","12":"product-type-simple"},"brands":[{"id":47,"name":"WHIRPOOL","slug":"whirpool"}],"_links":{"self":[{"href":"https:\/\/hogarcentrovictorvargas.com\/index.php?rest_route=\/wp\/v2\/product\/757","targetHints":{"allow":["GET"]}}],"collection":[{"href":"https:\/\/hogarcentrovictorvargas.com\/index.php?rest_route=\/wp\/v2\/product"}],"about":[{"href":"https:\/\/hogarcentrovictorvargas.com\/index.php?rest_route=\/wp\/v2\/types\/product"}],"replies":[{"embeddable":true,"href":"https:\/\/hogarcentrovictorvargas.com\/index.php?rest_route=%2Fwp%2Fv2%2Fcomments&post=757"}],"wp:featuredmedia":[{"embeddable":true,"href":"https:\/\/hogarcentrovictorvargas.com\/index.php?rest_route=\/wp\/v2\/media\/758"}],"wp:attachment":[{"href":"https:\/\/hogarcentrovictorvargas.com\/index.php?rest_route=%2Fwp%2Fv2%2Fmedia&parent=757"}],"wp:term":[{"taxonomy":"pwb-brand","embeddable":true,"href":"https:\/\/hogarcentrovictorvargas.com\/index.php?rest_route=%2Fwp%2Fv2%2Fpwb-brand&post=757"}],"curies":[{"name":"wp","href":"https:\/\/api.w.org\/{rel}","templated":true}]}}