{"id":793,"date":"2020-05-25T00:24:54","date_gmt":"2020-05-25T00:24:54","guid":{"rendered":"https:\/\/hogarcentrovictorvargas.com\/?post_type=product&#038;p=793"},"modified":"2022-04-20T17:26:35","modified_gmt":"2022-04-20T17:26:35","slug":"maquina-cortadora-de-cabello-remington-ne-3250","status":"publish","type":"product","link":"https:\/\/hogarcentrovictorvargas.com\/?product=maquina-cortadora-de-cabello-remington-ne-3250","title":{"rendered":"MAQUINA CORTADORA DE CABELLO REMINGTON NE-3250"},"content":{"rendered":"<p>El Recortador de Cejas, Orejas y Cejas Remington NE3250 est\u00e1 dise\u00f1ado con tecnolog\u00eda Comfort-trim, por lo que podr\u00e1 recortar el cabello de las regiones m\u00e1s peque\u00f1as de su cabeza de manera m\u00e1s f\u00e1cil y efectiva.<\/p>\n","protected":false},"excerpt":{"rendered":"<p>El Recortador de Cejas, Orejas y Cejas Remington NE3250 est\u00e1 dise\u00f1ado con tecnolog\u00eda Comfort-trim, por lo que podr\u00e1 recortar el cabello de las regiones m\u00e1s peque\u00f1as de su cabeza de manera m\u00e1s f\u00e1cil y efectiva.<\/p>\n","protected":false},"featured_media":794,"comment_status":"open","ping_status":"closed","template":"","meta":[],"pwb-brand":[36],"class_list":{"0":"post-793","1":"product","2":"type-product","3":"status-publish","4":"has-post-thumbnail","6":"pwb-brand-remington","7":"product_cat-cuidado-personal","9":"first","10":"instock","11":"shipping-taxable","12":"product-type-simple"},"brands":[{"id":36,"name":"REMINGTON","slug":"remington"}],"_links":{"self":[{"href":"https:\/\/hogarcentrovictorvargas.com\/index.php?rest_route=\/wp\/v2\/product\/793","targetHints":{"allow":["GET"]}}],"collection":[{"href":"https:\/\/hogarcentrovictorvargas.com\/index.php?rest_route=\/wp\/v2\/product"}],"about":[{"href":"https:\/\/hogarcentrovictorvargas.com\/index.php?rest_route=\/wp\/v2\/types\/product"}],"replies":[{"embeddable":true,"href":"https:\/\/hogarcentrovictorvargas.com\/index.php?rest_route=%2Fwp%2Fv2%2Fcomments&post=793"}],"wp:featuredmedia":[{"embeddable":true,"href":"https:\/\/hogarcentrovictorvargas.com\/index.php?rest_route=\/wp\/v2\/media\/794"}],"wp:attachment":[{"href":"https:\/\/hogarcentrovictorvargas.com\/index.php?rest_route=%2Fwp%2Fv2%2Fmedia&parent=793"}],"wp:term":[{"taxonomy":"pwb-brand","embeddable":true,"href":"https:\/\/hogarcentrovictorvargas.com\/index.php?rest_route=%2Fwp%2Fv2%2Fpwb-brand&post=793"}],"curies":[{"name":"wp","href":"https:\/\/api.w.org\/{rel}","templated":true}]}}