{"id":796,"date":"2020-05-26T17:23:29","date_gmt":"2020-05-26T17:23:29","guid":{"rendered":"https:\/\/hogarcentrovictorvargas.com\/?post_type=product&#038;p=796"},"modified":"2022-04-20T17:29:04","modified_gmt":"2022-04-20T17:29:04","slug":"maquina-de-cortar-pelo-wahl-08655-2408","status":"publish","type":"product","link":"https:\/\/hogarcentrovictorvargas.com\/?product=maquina-de-cortar-pelo-wahl-08655-2408","title":{"rendered":"MAQUINA DE CORTAR PELO WAHL 08655-2408"},"content":{"rendered":"<ul class=\"a-unordered-list a-vertical a-spacing-mini\">\n<li><span class=\"a-list-item\">Precisi\u00f3n: profesional de Wahl profesional de la l\u00ednea de productos de grado comercial, la Peanut Clipper\/cortadora est\u00e1 dise\u00f1ado s\u00f3lo para uso profesional y est\u00e1 dise\u00f1ado para ofrecer el rendimiento de Sharp los expertos que demanda.<\/span><\/li>\n<li><span class=\"a-list-item\">Elegante y funcional: con su tama\u00f1o compacto y dise\u00f1o elegante, este elegante ofrece una atractiva est\u00e9tica adem\u00e1s de recortador de precisi\u00f3n de primera clase y funci\u00f3n. toda la potencia de un cortapelos de tama\u00f1o completo en un tama\u00f1o miniatura que cabe en la palma de tu mano.<\/span><\/li>\n<\/ul>\n","protected":false},"excerpt":{"rendered":"<p>Precisi\u00f3n: profesional de Wahl profesional de la l\u00ednea de productos de grado comercial, la Peanut Clipper\/cortadora est\u00e1 dise\u00f1ado s\u00f3lo para uso profesional y est\u00e1 dise\u00f1ado para ofrecer el rendimiento de Sharp los expertos que demanda. Elegante y funcional: con su tama\u00f1o compacto y dise\u00f1o elegante, este elegante ofrece una atractiva est\u00e9tica adem\u00e1s de recortador de &hellip;<\/p>\n<p class=\"read-more\"> <a class=\"\" href=\"https:\/\/hogarcentrovictorvargas.com\/?product=maquina-de-cortar-pelo-wahl-08655-2408\"> <span class=\"screen-reader-text\">MAQUINA DE CORTAR PELO WAHL 08655-2408<\/span> Leer m\u00e1s &raquo;<\/a><\/p>\n","protected":false},"featured_media":797,"comment_status":"open","ping_status":"closed","template":"","meta":[],"pwb-brand":[48],"class_list":{"0":"post-796","1":"product","2":"type-product","3":"status-publish","4":"has-post-thumbnail","6":"pwb-brand-wahl","7":"product_cat-cuidado-personal","9":"first","10":"instock","11":"shipping-taxable","12":"purchasable","13":"product-type-simple"},"brands":[{"id":48,"name":"WAHL","slug":"wahl"}],"_links":{"self":[{"href":"https:\/\/hogarcentrovictorvargas.com\/index.php?rest_route=\/wp\/v2\/product\/796","targetHints":{"allow":["GET"]}}],"collection":[{"href":"https:\/\/hogarcentrovictorvargas.com\/index.php?rest_route=\/wp\/v2\/product"}],"about":[{"href":"https:\/\/hogarcentrovictorvargas.com\/index.php?rest_route=\/wp\/v2\/types\/product"}],"replies":[{"embeddable":true,"href":"https:\/\/hogarcentrovictorvargas.com\/index.php?rest_route=%2Fwp%2Fv2%2Fcomments&post=796"}],"wp:featuredmedia":[{"embeddable":true,"href":"https:\/\/hogarcentrovictorvargas.com\/index.php?rest_route=\/wp\/v2\/media\/797"}],"wp:attachment":[{"href":"https:\/\/hogarcentrovictorvargas.com\/index.php?rest_route=%2Fwp%2Fv2%2Fmedia&parent=796"}],"wp:term":[{"taxonomy":"pwb-brand","embeddable":true,"href":"https:\/\/hogarcentrovictorvargas.com\/index.php?rest_route=%2Fwp%2Fv2%2Fpwb-brand&post=796"}],"curies":[{"name":"wp","href":"https:\/\/api.w.org\/{rel}","templated":true}]}}