{"id":799,"date":"2020-05-26T17:29:19","date_gmt":"2020-05-26T17:29:19","guid":{"rendered":"https:\/\/hogarcentrovictorvargas.com\/?post_type=product&#038;p=799"},"modified":"2022-04-20T17:41:17","modified_gmt":"2022-04-20T17:41:17","slug":"maquinade-cortar-pelo-wahl-09281-2018","status":"publish","type":"product","link":"https:\/\/hogarcentrovictorvargas.com\/?product=maquinade-cortar-pelo-wahl-09281-2018","title":{"rendered":"MAQUINADE CORTAR PELO WAHL 09281-2018"},"content":{"rendered":"<div class=\"avada-single-product-gallery-wrapper\">\n<div class=\"woocommerce-product-gallery woocommerce-product-gallery--with-images woocommerce-product-gallery--columns-4 images avada-product-gallery\" data-columns=\"4\">\n<div class=\"flex-viewport\">\n<figure class=\"woocommerce-product-gallery__wrapper\">\n<div class=\"woocommerce-product-gallery__image clone\" data-thumb=\"https:\/\/gabastorecr.com\/wp-content\/uploads\/2019\/11\/Dise\u00f1o-sin-t\u00edtulo-34-500x500-100x100.png\" data-thumb-alt=\"\" aria-hidden=\"true\"><\/div>\n<\/figure>\n<\/div>\n<\/div>\n<\/div>\n<div class=\"summary entry-summary\">\n<div class=\"summary-container\">\n<h1 class=\"product_title entry-title fusion-responsive-typography-calculated\" data-fontsize=\"26\" data-lineheight=\"35.88px\">M\u00c1QUINA WAHL PARA MASCOTAS<\/h1>\n<div class=\"avada-availability\"><\/div>\n<div class=\"product-border fusion-separator sep-single sep-solid\"><\/div>\n<div class=\"post-content woocommerce-product-details__short-description\">\n<p>El set viene en una maleta donde podr\u00e1s guardar y transportar f\u00e1cilmente todas las piezas inclu\u00eddas. Dentro de ellas vienen 4 peines gu\u00eda de colores de 3mm, 10mm, 13mm y 25mm.<\/p>\n<\/div>\n<\/div>\n<\/div>\n","protected":false},"excerpt":{"rendered":"<p>M\u00c1QUINA WAHL PARA MASCOTAS El set viene en una maleta donde podr\u00e1s guardar y transportar f\u00e1cilmente todas las piezas inclu\u00eddas. Dentro de ellas vienen 4 peines gu\u00eda de colores de 3mm, 10mm, 13mm y 25mm.<\/p>\n","protected":false},"featured_media":800,"comment_status":"open","ping_status":"closed","template":"","meta":[],"pwb-brand":[48],"class_list":{"0":"post-799","1":"product","2":"type-product","3":"status-publish","4":"has-post-thumbnail","6":"pwb-brand-wahl","7":"product_cat-cuidado-personal","9":"first","10":"instock","11":"shipping-taxable","12":"purchasable","13":"product-type-simple"},"brands":[{"id":48,"name":"WAHL","slug":"wahl"}],"_links":{"self":[{"href":"https:\/\/hogarcentrovictorvargas.com\/index.php?rest_route=\/wp\/v2\/product\/799","targetHints":{"allow":["GET"]}}],"collection":[{"href":"https:\/\/hogarcentrovictorvargas.com\/index.php?rest_route=\/wp\/v2\/product"}],"about":[{"href":"https:\/\/hogarcentrovictorvargas.com\/index.php?rest_route=\/wp\/v2\/types\/product"}],"replies":[{"embeddable":true,"href":"https:\/\/hogarcentrovictorvargas.com\/index.php?rest_route=%2Fwp%2Fv2%2Fcomments&post=799"}],"wp:featuredmedia":[{"embeddable":true,"href":"https:\/\/hogarcentrovictorvargas.com\/index.php?rest_route=\/wp\/v2\/media\/800"}],"wp:attachment":[{"href":"https:\/\/hogarcentrovictorvargas.com\/index.php?rest_route=%2Fwp%2Fv2%2Fmedia&parent=799"}],"wp:term":[{"taxonomy":"pwb-brand","embeddable":true,"href":"https:\/\/hogarcentrovictorvargas.com\/index.php?rest_route=%2Fwp%2Fv2%2Fpwb-brand&post=799"}],"curies":[{"name":"wp","href":"https:\/\/api.w.org\/{rel}","templated":true}]}}