{"id":820,"date":"2020-05-29T00:05:28","date_gmt":"2020-05-29T00:05:28","guid":{"rendered":"https:\/\/hogarcentrovictorvargas.com\/?post_type=product&#038;p=820"},"modified":"2022-04-19T19:48:25","modified_gmt":"2022-04-19T19:48:25","slug":"exprimidor-de-citricos-blanck-and-decker","status":"publish","type":"product","link":"https:\/\/hogarcentrovictorvargas.com\/?product=exprimidor-de-citricos-blanck-and-decker","title":{"rendered":"EXPRIMIDOR DE CITRICOS BLANCK AND DECKER"},"content":{"rendered":"<p>Exprimidor El\u00e9ctrico c\u00edtricos con 32 oz capacidad<br \/>\n-Conos de exprimido<br \/>\n-Control de Pulpa Ajustable<br \/>\n-Medici\u00f3n F\u00e1cil<br \/>\n-Goteo &#8211; Libre Derramar Ca\u00f1o<br \/>\n-Contenedor dobles como una jarra, con mango .<\/p>\n","protected":false},"excerpt":{"rendered":"<p>Exprimidor El\u00e9ctrico c\u00edtricos con 32 oz capacidad -Conos de exprimido -Control de Pulpa Ajustable -Medici\u00f3n F\u00e1cil -Goteo &#8211; Libre Derramar Ca\u00f1o -Contenedor dobles como una jarra, con mango .<\/p>\n","protected":false},"featured_media":821,"comment_status":"open","ping_status":"closed","template":"","meta":[],"pwb-brand":[38],"class_list":{"0":"post-820","1":"product","2":"type-product","3":"status-publish","4":"has-post-thumbnail","6":"pwb-brand-black-and-decker","7":"product_cat-electrodomesticos","9":"first","10":"instock","11":"shipping-taxable","12":"product-type-simple"},"brands":[{"id":38,"name":"BLACK AND DECKER","slug":"black-and-decker"}],"_links":{"self":[{"href":"https:\/\/hogarcentrovictorvargas.com\/index.php?rest_route=\/wp\/v2\/product\/820","targetHints":{"allow":["GET"]}}],"collection":[{"href":"https:\/\/hogarcentrovictorvargas.com\/index.php?rest_route=\/wp\/v2\/product"}],"about":[{"href":"https:\/\/hogarcentrovictorvargas.com\/index.php?rest_route=\/wp\/v2\/types\/product"}],"replies":[{"embeddable":true,"href":"https:\/\/hogarcentrovictorvargas.com\/index.php?rest_route=%2Fwp%2Fv2%2Fcomments&post=820"}],"wp:featuredmedia":[{"embeddable":true,"href":"https:\/\/hogarcentrovictorvargas.com\/index.php?rest_route=\/wp\/v2\/media\/821"}],"wp:attachment":[{"href":"https:\/\/hogarcentrovictorvargas.com\/index.php?rest_route=%2Fwp%2Fv2%2Fmedia&parent=820"}],"wp:term":[{"taxonomy":"pwb-brand","embeddable":true,"href":"https:\/\/hogarcentrovictorvargas.com\/index.php?rest_route=%2Fwp%2Fv2%2Fpwb-brand&post=820"}],"curies":[{"name":"wp","href":"https:\/\/api.w.org\/{rel}","templated":true}]}}