{"id":842,"date":"2020-05-29T16:50:07","date_gmt":"2020-05-29T16:50:07","guid":{"rendered":"https:\/\/hogarcentrovictorvargas.com\/?post_type=product&#038;p=842"},"modified":"2022-04-19T20:20:58","modified_gmt":"2022-04-19T20:20:58","slug":"horno-tostador-telstar-tht060910de","status":"publish","type":"product","link":"https:\/\/hogarcentrovictorvargas.com\/?product=horno-tostador-telstar-tht060910de","title":{"rendered":"HORNO TOSTADOR TELSTAR 60L"},"content":{"rendered":"<ul>\n<li>Convecci\u00f3n.<\/li>\n<li>Luz interna.<\/li>\n<li>Rostizador.<\/li>\n<li>Cronometro de 60 minutos.<\/li>\n<li>4 posiciones de bandejas.<\/li>\n<li>Apagado autom\u00e1tico.<\/li>\n<li>Bandeja corrediza de residuos.<\/li>\n<li>Temporizador con campana.<\/li>\n<li>4 etapas de cocci\u00f3n.<\/li>\n<\/ul>\n","protected":false},"excerpt":{"rendered":"<p>Convecci\u00f3n. Luz interna. Rostizador. Cronometro de 60 minutos. 4 posiciones de bandejas. Apagado autom\u00e1tico. Bandeja corrediza de residuos. Temporizador con campana. 4 etapas de cocci\u00f3n.<\/p>\n","protected":false},"featured_media":843,"comment_status":"open","ping_status":"closed","template":"","meta":[],"pwb-brand":[26],"class_list":{"0":"post-842","1":"product","2":"type-product","3":"status-publish","4":"has-post-thumbnail","6":"pwb-brand-telstar","7":"product_cat-electrodomesticos","9":"first","10":"instock","11":"shipping-taxable","12":"purchasable","13":"product-type-simple"},"brands":[{"id":26,"name":"TELSTAR","slug":"telstar"}],"_links":{"self":[{"href":"https:\/\/hogarcentrovictorvargas.com\/index.php?rest_route=\/wp\/v2\/product\/842","targetHints":{"allow":["GET"]}}],"collection":[{"href":"https:\/\/hogarcentrovictorvargas.com\/index.php?rest_route=\/wp\/v2\/product"}],"about":[{"href":"https:\/\/hogarcentrovictorvargas.com\/index.php?rest_route=\/wp\/v2\/types\/product"}],"replies":[{"embeddable":true,"href":"https:\/\/hogarcentrovictorvargas.com\/index.php?rest_route=%2Fwp%2Fv2%2Fcomments&post=842"}],"wp:featuredmedia":[{"embeddable":true,"href":"https:\/\/hogarcentrovictorvargas.com\/index.php?rest_route=\/wp\/v2\/media\/843"}],"wp:attachment":[{"href":"https:\/\/hogarcentrovictorvargas.com\/index.php?rest_route=%2Fwp%2Fv2%2Fmedia&parent=842"}],"wp:term":[{"taxonomy":"pwb-brand","embeddable":true,"href":"https:\/\/hogarcentrovictorvargas.com\/index.php?rest_route=%2Fwp%2Fv2%2Fpwb-brand&post=842"}],"curies":[{"name":"wp","href":"https:\/\/api.w.org\/{rel}","templated":true}]}}