{"id":978,"date":"2020-06-04T00:51:36","date_gmt":"2020-06-04T00:51:36","guid":{"rendered":"https:\/\/hogarcentrovictorvargas.com\/?post_type=product&#038;p=978"},"modified":"2022-04-19T15:52:50","modified_gmt":"2022-04-19T15:52:50","slug":"afeitadora-philips-s1070","status":"publish","type":"product","link":"https:\/\/hogarcentrovictorvargas.com\/?product=afeitadora-philips-s1070","title":{"rendered":"AFEITADORA PHILIPS S1070"},"content":{"rendered":"<p>Ahora puedes disfrutar un afeitado refrescante sin preocuparte de da\u00f1ar la piel. El sellado Aquatec asegura un afeitado en h\u00famedo refrescante y seguro. Tambi\u00e9n puedes afeitarte en seco de manera sencilla y c\u00f3moda.<\/p>\n","protected":false},"excerpt":{"rendered":"<p>Ahora puedes disfrutar un afeitado refrescante sin preocuparte de da\u00f1ar la piel. El sellado Aquatec asegura un afeitado en h\u00famedo refrescante y seguro. Tambi\u00e9n puedes afeitarte en seco de manera sencilla y c\u00f3moda.<\/p>\n","protected":false},"featured_media":979,"comment_status":"open","ping_status":"closed","template":"","meta":[],"pwb-brand":[73],"class_list":{"0":"post-978","1":"product","2":"type-product","3":"status-publish","4":"has-post-thumbnail","6":"pwb-brand-philips","7":"product_cat-cuidado-personal","9":"first","10":"instock","11":"shipping-taxable","12":"product-type-simple"},"brands":[{"id":73,"name":"PHILIPS","slug":"philips"}],"_links":{"self":[{"href":"https:\/\/hogarcentrovictorvargas.com\/index.php?rest_route=\/wp\/v2\/product\/978","targetHints":{"allow":["GET"]}}],"collection":[{"href":"https:\/\/hogarcentrovictorvargas.com\/index.php?rest_route=\/wp\/v2\/product"}],"about":[{"href":"https:\/\/hogarcentrovictorvargas.com\/index.php?rest_route=\/wp\/v2\/types\/product"}],"replies":[{"embeddable":true,"href":"https:\/\/hogarcentrovictorvargas.com\/index.php?rest_route=%2Fwp%2Fv2%2Fcomments&post=978"}],"wp:featuredmedia":[{"embeddable":true,"href":"https:\/\/hogarcentrovictorvargas.com\/index.php?rest_route=\/wp\/v2\/media\/979"}],"wp:attachment":[{"href":"https:\/\/hogarcentrovictorvargas.com\/index.php?rest_route=%2Fwp%2Fv2%2Fmedia&parent=978"}],"wp:term":[{"taxonomy":"pwb-brand","embeddable":true,"href":"https:\/\/hogarcentrovictorvargas.com\/index.php?rest_route=%2Fwp%2Fv2%2Fpwb-brand&post=978"}],"curies":[{"name":"wp","href":"https:\/\/api.w.org\/{rel}","templated":true}]}}