{"id":980,"date":"2020-06-04T00:55:13","date_gmt":"2020-06-04T00:55:13","guid":{"rendered":"https:\/\/hogarcentrovictorvargas.com\/?post_type=product&#038;p=980"},"modified":"2022-04-19T19:39:05","modified_gmt":"2022-04-19T19:39:05","slug":"congelador-telsatr-tch30025md","status":"publish","type":"product","link":"https:\/\/hogarcentrovictorvargas.com\/?product=congelador-telsatr-tch30025md","title":{"rendered":"CONGELADOR TELSATR TCH30025MD"},"content":{"rendered":"<p>Caracter\u00edsticas:<br \/>\nSistema Dual, congela y mantiene el fr\u00edo.<br \/>\nCapacidad ideal a tu medida.<br \/>\n3 canastas espaciadoras internas.<br \/>\nBandejas especiales para tus alimentos mas peque\u00f1os y de r\u00e1pido acceso.<br \/>\nControl de temperatura ajustable.<br \/>\nSeguro con llave.<br \/>\nLuz interna.<br \/>\nDescongelamiento semiautom\u00e1tico (hace escarcha).<\/p>\n","protected":false},"excerpt":{"rendered":"<p>Caracter\u00edsticas: Sistema Dual, congela y mantiene el fr\u00edo. Capacidad ideal a tu medida. 3 canastas espaciadoras internas. Bandejas especiales para tus alimentos mas peque\u00f1os y de r\u00e1pido acceso. Control de temperatura ajustable. Seguro con llave. Luz interna. Descongelamiento semiautom\u00e1tico (hace escarcha).<\/p>\n","protected":false},"featured_media":981,"comment_status":"open","ping_status":"closed","template":"","meta":[],"pwb-brand":[26],"class_list":{"0":"post-980","1":"product","2":"type-product","3":"status-publish","4":"has-post-thumbnail","6":"pwb-brand-telstar","7":"product_cat-linea-blanca","9":"first","10":"instock","11":"shipping-taxable","12":"product-type-simple"},"brands":[{"id":26,"name":"TELSTAR","slug":"telstar"}],"_links":{"self":[{"href":"https:\/\/hogarcentrovictorvargas.com\/index.php?rest_route=\/wp\/v2\/product\/980","targetHints":{"allow":["GET"]}}],"collection":[{"href":"https:\/\/hogarcentrovictorvargas.com\/index.php?rest_route=\/wp\/v2\/product"}],"about":[{"href":"https:\/\/hogarcentrovictorvargas.com\/index.php?rest_route=\/wp\/v2\/types\/product"}],"replies":[{"embeddable":true,"href":"https:\/\/hogarcentrovictorvargas.com\/index.php?rest_route=%2Fwp%2Fv2%2Fcomments&post=980"}],"wp:featuredmedia":[{"embeddable":true,"href":"https:\/\/hogarcentrovictorvargas.com\/index.php?rest_route=\/wp\/v2\/media\/981"}],"wp:attachment":[{"href":"https:\/\/hogarcentrovictorvargas.com\/index.php?rest_route=%2Fwp%2Fv2%2Fmedia&parent=980"}],"wp:term":[{"taxonomy":"pwb-brand","embeddable":true,"href":"https:\/\/hogarcentrovictorvargas.com\/index.php?rest_route=%2Fwp%2Fv2%2Fpwb-brand&post=980"}],"curies":[{"name":"wp","href":"https:\/\/api.w.org\/{rel}","templated":true}]}}